{"id":288,"date":"2020-11-20T22:18:11","date_gmt":"2020-11-20T22:18:11","guid":{"rendered":"https:\/\/filebooms.co\/?page_id=288"},"modified":"2021-01-20T20:41:42","modified_gmt":"2021-01-20T20:41:42","slug":"fileboom-premium-account-review-your-all-in-one-file-hosting-provider","status":"publish","type":"page","link":"https:\/\/filebooms.co\/tr\/","title":{"rendered":"Fileboom Premium Account Review &#8211; Hepsi Bir Arada Dosya Bar\u0131nd\u0131rma Sa\u011flay\u0131c\u0131n\u0131z"},"content":{"rendered":"\n<h2><strong>Fileboom Premium Account Review &#8212; Hepsi Bir Arada Dosya Bar\u0131nd\u0131rma Sa\u011flay\u0131c\u0131n\u0131z<\/strong><\/h2>\n\n\n\n<p>Bilgisayar\u0131n\u0131zda, diz\u00fcst\u00fcn\u00fczde, telefonlar\u0131n\u0131zda ve farkl\u0131 cihazlar\u0131n\u0131zda depolama i\u00e7in yeterli yer yok mu? Kendi dosyalar\u0131n\u0131za eri\u015fmek i\u00e7in USB flash s\u00fcr\u00fcc\u00fcleri, sabit disk s\u00fcr\u00fcc\u00fcleri ve benzerlerini bir araya getirmekten b\u0131kt\u0131n\u0131z m\u0131? Daha sonra, internette dosya kaydetmeye ge\u00e7i\u015f ki\u015fisel olarak sizin i\u00e7in hayati \u00f6nem ta\u015f\u0131r! Bu, kendi belge saklama sorunlar\u0131n\u0131z i\u00e7in net bir \u00e7\u00f6z\u00fcm olabilir!<\/p>\n\n\n\n<p>Daha fazlas\u0131n\u0131 \u00f6\u011frenmek istiyorsan\u0131z, sadece ba\u011flant\u0131ya t\u0131klay\u0131n: <strong><a href=\"https:\/\/fileboom.org\/tr\/\" target=\"_blank\" rel=\"noreferrer noopener\">FileBoom.org<\/a> <\/strong>ve <strong><a href=\"https:\/\/fileboom.co\/tr\/\" target=\"_blank\" rel=\"noreferrer noopener\">fileboom.<\/a><a href=\"https:\/\/fileboom.co\/\" target=\"_blank\" rel=\"noreferrer noopener\">co<\/a><\/strong><\/p>\n\n\n<a class=\"maxbutton-1 maxbutton maxbutton-cta\" target=\"_blank\" rel=\"nofollow noopener\" href=\"\/go\/\"><span class='mb-text'>&gt;&gt; Original Fileboom.me web sitesine gidin<\/span><\/a>\n\n\n<p><\/p>\n\n\n\n<p><a rel=\"noreferrer noopener\" href=\"https:\/\/www.techopedia.com\/definition\/25310\/file-hosting-service\" target=\"_blank\">Belge bar\u0131nd\u0131r\u0131c\u0131lar<\/a> dosyalar\u0131 saklamaya gelince \u00e7ok daha fazla fayda sa\u011flad\u0131\u011f\u0131 i\u00e7in bir\u00e7ok insan i\u00e7in bir heves. Depolama i\u00e7in daha geni\u015f bir alan, daha b\u00fcy\u00fck bant geni\u015fli\u011fi sa\u011flar ve bu t\u00fcr dosya depolama kar\u015f\u0131la\u015fman\u0131zda ilerleme sa\u011flar.<\/p>\n\n\n\n<h2><strong>Fileboom &#8212; \u0130\u015fleyi\u015f \u015eekli<\/strong><\/h2>\n\n\n\n<p>Fileboom, belge bar\u0131nd\u0131rma end\u00fcstrisindeki uzun s\u00fcredir \u00e7al\u0131\u015fan yaz\u0131l\u0131mlardan biridir. \u0130ngiltere&#8217;de 2014 y\u0131l\u0131nda kuruldu ve herkese bir belge depolama ve payla\u015f\u0131m \u00e7\u00f6z\u00fcm\u00fc sundu. Hizmetleri altm\u0131\u015f y\u0131lda geli\u015fmeye devam etti ve kendi ekonomisini a\u011f \u00fczerinden herkese a\u00e7\u0131k hale getirerek d\u00fcnya \u00e7ap\u0131nda geni\u015fletti.<\/p>\n\n\n\n<h2><strong>Fileboom nedir?<\/strong><\/h2>\n\n\n\n<p>Fileboom, temelde kendi dosyalar\u0131n\u0131z\u0131n bir b\u00f6l\u00fcm\u00fc olarak hizmet veren bir dosya bar\u0131nd\u0131rma platformudur. Dosyalar\u0131n\u0131z\u0131 \u00e7evrimi\u00e7i kaydetmeye ba\u015flayabilmeniz i\u00e7in sizin i\u00e7in g\u00fcvenli bir bulut depolama ana bilgisayar\u0131 sa\u011flar. Bu, internet \u00fczerinden her zaman, her yerde ve her t\u00fcrl\u00fc cihazdan alabilmek istedi\u011finizde ger\u00e7ekten \u00e7ok verimli. Ve g\u00fcvenlik konusunda endi\u015felenmenize gerek yok \u00e7\u00fcnk\u00fc belge g\u00fcvenli\u011fi Fileboom&#8217;un en \u00f6nemli \u00f6nceli\u011fidir. Bu, dosyalar\u0131n\u0131z\u0131 yaln\u0131zca sizin eri\u015febilece\u011finiz bir parola ile bir kasaya kaydetmek gibidir. Fileboom, dosya depolama sorunlar\u0131n\u0131z i\u00e7in nihai \u00e7\u00f6z\u00fcm\u00fcn\u00fcz olabilir. Belgelerinizi koruman\u0131n yan\u0131 s\u0131ra, size \u00e7al\u0131\u015fmay\u0131 kolayla\u015ft\u0131rmak i\u00e7in kesinlikle faydal\u0131 olacak ek hizmetler sunar. Depolama, y\u00fcksek bant geni\u015fli\u011fi, kay\u0131t y\u00f6neticileri ve \u00e7ok daha fazlas\u0131 i\u00e7in geni\u015f alanla birlikte gelir. Fileboom kesinlikle hepsi bir arada bir dosya bar\u0131nd\u0131r\u0131c\u0131s\u0131d\u0131r.<\/p>\n\n\n\n<h2><strong>Fileboom&#8217;da Ne Beklemeli?<\/strong><\/h2>\n\n\n\n<ol><li>Kullan\u0131m\u0131 Kolay Platform: Platform, muhtemelen yapabilece\u011finiz en basit halini alacak \u015fekilde \u00f6zelle\u015ftirilmi\u015ftir, b\u00f6ylece yeni ba\u015flayanlar onu kullanmakta zorluk \u00e7ekmez. Yaln\u0131zca bilgisayar kullan\u0131m\u0131n\u0131n temellerini bilmek zorundas\u0131n\u0131z ve gitmeye haz\u0131rs\u0131n\u0131z. Fileboom i\u015flevleri, kendi hizmetlerini kullanabilmeniz i\u00e7in yaln\u0131zca birka\u00e7 t\u0131klamaya ihtiya\u00e7 duyar.<\/li><li>% 100 Korumal\u0131: Fileboom herhangi bir \u015feyde dosya korumas\u0131na \u00f6ncelik verdi\u011fi i\u00e7in dosyalar\u0131n\u0131z i\u00e7in endi\u015felenmenize gerek yok. \u015eifrelenmi\u015f <a rel=\"noreferrer noopener\" href=\"https:\/\/www.verisign.com\/en_US\/website-presence\/online\/ssl-certificates\/index.xhtml\" target=\"_blank\">SSL sertifikal\u0131<\/a> g\u00fcvenlik protokolleri daha ileri d\u00fczeyde bir g\u00fcvenlik oldu\u011funu garanti eder. \u00dc\u00e7\u00fcnc\u00fc \u015fah\u0131slara, bilgisayar korsanlar\u0131na ve hatta d\u0131\u015f a\u011flar\u0131n sisteme girmesine kar\u015f\u0131 koruma sa\u011flamak i\u00e7in k\u00f6t\u00fc ama\u00e7l\u0131 yaz\u0131l\u0131mdan koruma \u00f6zelli\u011fi vard\u0131r. Kay\u0131tlar, ba\u015fka hi\u00e7bir kullan\u0131c\u0131n\u0131n eri\u015femeyece\u011fi \u015fekilde yaln\u0131zca sizin taraf\u0131n\u0131zdan g\u00f6r\u00fclebilir (belgeyle kas\u0131tl\u0131 olarak payla\u015fmazsan\u0131z). Platforma y\u00fcklenen dosyalar, pornografik, \u00e7\u0131plakl\u0131k, \u015fiddet, k\u00f6t\u00fcye kullan\u0131m veya su\u00e7la ilgili dosyalar gibi yasad\u0131\u015f\u0131 dosyalar bu do\u011frultuda izlendi\u011finden, yasad\u0131\u015f\u0131 eylemler de de\u011ferlendirilmiyor ve indirilmeyecek veya y\u00fcklenmeyecek.<\/li><li>\u00c7ok Ucuz Fileboom Premium Hesaplar\u0131: Ek dosya bar\u0131nd\u0131r\u0131c\u0131lara k\u0131yasla paran\u0131z kendinize y\u00fcz dolar kazand\u0131rabilir. Bu y\u00fcksek maliyetli dosya bar\u0131nd\u0131r\u0131c\u0131larla ayn\u0131 hizmetleri sa\u011flad\u0131\u011f\u0131 i\u00e7in kesinlikle buna de\u011fecektir. Art\u0131, m\u00fckemmellik kesinlikle burada Fileboom&#8217;da bulunabilir.<\/li><li>\u015eeffaf grafik kullan\u0131c\u0131 aray\u00fcz\u00fc: Fileboom kendi kullan\u0131c\u0131lar\u0131 ile \u015feffaft\u0131r ve kendi dosyalar\u0131n\u0131z hakk\u0131nda dosya ad\u0131, kalite, y\u00fckleme tarihi vb. Bilgiler sa\u011flar. Yaz\u0131l\u0131mla ilgili a\u015fa\u011f\u0131daki ifadelerle sizi g\u00fcncel tutmak i\u00e7in platformunda bir Haber b\u00f6l\u00fcm\u00fcd\u00fcr. sisteminizi g\u00fc\u00e7lendirmek i\u00e7in yap\u0131lan g\u00fcncellemeler.<\/li><li>M\u00fc\u015fteri Hizmetlerine Her Zaman Yard\u0131mc\u0131 Olabilir. Fileboom destek ekibi, endi\u015feleriniz ve sorunlar\u0131n\u0131z konusunda size yard\u0131mc\u0131 olmak i\u00e7in g\u00f6n\u00fcll\u00fc olarak haz\u0131rd\u0131r ve m\u00fcmk\u00fcn olan en k\u0131sa s\u00fcrede yan\u0131t verir. E-posta yoluyla kolayca ileti\u015fime ge\u00e7ilebilir, onlara support@fileboompremium.com adresinden mesaj g\u00f6ndermeniz yeterlidir. Yan\u0131tlar\u0131n\u0131 beklerken, kullan\u0131c\u0131lar\u0131n kar\u015f\u0131la\u015ft\u0131\u011f\u0131 genel sorunlar\u0131 aramak i\u00e7in Destek Merkezi&#8217;ne veya SSS b\u00f6l\u00fcm\u00fcne gidebilir ve belki de bu noktadan sonra sorununuz i\u00e7in \u00e7\u00f6z\u00fcm bulabilirsiniz.<\/li><li>Tatmin Edici Hizmetler. \u00c7ok say\u0131da memnun m\u00fc\u015fteri web \u00fczerinden olumlu geri bildirimlerini payla\u015ft\u0131. Bir\u00e7ok kullan\u0131c\u0131 Fileboom&#8217;un sad\u0131k bir m\u00fc\u015fterisidir ve y\u0131llarca birlikte kald\u0131lar \u00e7\u00fcnk\u00fc Fileboom taraf\u0131ndan sunulan hizmetlerden ger\u00e7ekten memnun kalm\u0131\u015flard\u0131r. Fileboom&#8217;un sistemi ve yaz\u0131l\u0131m\u0131 her zaman teknolojinin ilerlemesiyle g\u00fcncellenir ve<\/li><\/ol>\n\n\n\n<h2><strong>Ne Sunmas\u0131 Gerekiyor<\/strong><\/h2>\n\n\n\n<ul><li>Daha H\u0131zl\u0131 \u0130ndirme: Fileboom muazzam bir bant geni\u015fli\u011fi alan\u0131 sa\u011flar ve bu, m\u00fcmk\u00fcn olan en y\u00fcksek indirme h\u0131z\u0131na ula\u015fman\u0131n ve ki\u015fisel olarak sizin i\u00e7in daha h\u0131zl\u0131 \u00e7al\u0131\u015fman\u0131z\u0131n m\u00fcmk\u00fcn oldu\u011fu anlam\u0131na gelir.<\/li><li>Depolama i\u00e7in daha b\u00fcy\u00fck alan: Fileboom, sizin i\u00e7in binlerce GB depolama alan\u0131 sunar, b\u00f6ylece dosyalar\u0131n\u0131z\u0131n \u00e7o\u011funu videolar\u0131n\u0131z ve filmleriniz gibi b\u00fcy\u00fck dosya boyutlar\u0131yla birlikte depolayabilirsiniz.<\/li><li>S\u00fcr\u00fckle ve B\u0131rak \u0130\u015flevi: Ki\u015fisel olarak \u00e7ok daha basit hale getirmek i\u00e7in, Fileboom bir S\u00fcr\u00fckle ve B\u0131rak i\u015flevi sa\u011flad\u0131 ve bu, bir\u00e7ok dosyay\u0131 tek bir t\u0131klama ile y\u00fcklemenin m\u00fcmk\u00fcn oldu\u011fu anlam\u0131na geliyor. Dosyalar\u0131 bilgisayar\u0131n\u0131zdan veya cihaz\u0131n\u0131zdan s\u00fcr\u00fckleyip Fileboom&#8217;a atman\u0131z yeterlidir, ard\u0131ndan otomatik olarak makineye y\u00fcklenir.<\/li><li>Belge Payla\u015f\u0131m\u0131: Bu, bir Belge payla\u015f\u0131m hizmeti oldu\u011fu i\u00e7in Fileboom&#8217;un sahip oldu\u011fu ekstra avantajlardan biridir. Bu se\u00e7enekle, ba\u011flant\u0131 payla\u015f\u0131m\u0131 yoluyla d\u00fcnyadaki di\u011fer Fileboom kullan\u0131c\u0131lar\u0131yla dosya payla\u015fman\u0131n bir yolunu bulacaks\u0131n\u0131z. Sadece konu\u015fman\u0131z gereken belgenin belirli ba\u011flant\u0131s\u0131n\u0131 kopyalaman\u0131z ve onu konu\u015fmak istedi\u011finiz bir ki\u015fiye g\u00f6ndermeniz gerekir. Payla\u015ft\u0131\u011f\u0131n\u0131z bu ba\u011flant\u0131, di\u011fer kullan\u0131c\u0131lar\u0131n dosyalar\u0131n\u0131z\u0131 alabilmesi i\u00e7in otomatik olarak sizin izniniz olacakt\u0131r.<\/li><li>Basit Dosya Y\u00f6netimi. Dosyalar\u0131n\u0131zla kendi tercihlerinize g\u00f6re ilgilenmeniz m\u00fcmk\u00fcnd\u00fcr. Klas\u00f6rler olu\u015fturarak d\u00fczenlemeye karar verebilir ve dosyalar\u0131n\u0131z\u0131 foto\u011fraflar, belgeler, videolar, vb. D\u0131\u015f\u0131nda grupland\u0131rarak ileride ba\u015fvurmak \u00fczere kolayca eri\u015febilirsiniz.<\/li><\/ul>\n\n\n\n<h2><strong>Fileboom&#8217;da \u00dccretsiz Hesap Nas\u0131l Ba\u015flat\u0131l\u0131r<\/strong><\/h2>\n\n\n\n<p>Fileboom&#8217;a kay\u0131t h\u0131zl\u0131 ve kolay bir \u015fekilde yap\u0131l\u0131r. Ad\u0131n\u0131z\u0131, mevcut e-posta adresinizi girmeniz ve bir \u015fifre belirlemeniz yeterlidir. Daha sonra kimli\u011finizi do\u011frulamak i\u00e7in bir onay e-postas\u0131 g\u00f6nderecek ve do\u011fruland\u0131ktan sonra hesab\u0131n\u0131z tetiklenecektir.<\/p>\n\n\n\n<h2>Fileboom Premium Hesab\u0131na Y\u00fckseltme<\/h2>\n\n\n\n<p>Fileboom premium&#8217;a y\u00fckseltme, yaln\u0131zca almak istedi\u011finiz plan d\u00f6nemini se\u00e7erek ve \u00e7evrimi\u00e7i olarak almak i\u00e7in \u00f6deme yaparak ger\u00e7ekle\u015ftirilir. \u00c7ok say\u0131da \u00f6deme y\u00f6ntemi sa\u011flanm\u0131\u015ft\u0131r ve bu, sizin i\u00e7in \u00f6nemli \u00f6l\u00e7\u00fcde daha verimli olan\u0131 se\u00e7menin m\u00fcmk\u00fcn oldu\u011fu anlam\u0131na gelir. \u00d6demeler kredi kartlar\u0131yla yap\u0131labilir (<a rel=\"noreferrer noopener\" href=\"https:\/\/www.visa.com.ph\/\" target=\"_blank\">Visa<\/a> ile birlikte <a rel=\"noreferrer noopener\" href=\"https:\/\/www.mastercard.us\/en-us.html\" target=\"_blank\">Mastercard<\/a>), Bit Coin, Webmoney, American Express, Discover, JCB, Yandex, ayr\u0131ca sayg\u0131n bir serbest \u00e7al\u0131\u015fan arac\u0131l\u0131\u011f\u0131yla kuponlar arac\u0131l\u0131\u011f\u0131yla. \u00d6deme sonu\u00e7 bildirimi al\u0131nd\u0131\u011f\u0131nda, siteyi yenileyebilirsiniz ve oturum a\u00e7t\u0131\u011f\u0131n\u0131zda otomatik olarak size \u00fcst\u00fcn s\u00fcr\u00fcm\u00fc sunacakt\u0131r.<\/p>\n\n\n<a class=\"maxbutton-1 maxbutton maxbutton-cta\" target=\"_blank\" rel=\"nofollow noopener\" href=\"\/go\/\"><span class='mb-text'>&gt;&gt; Original Fileboom.me web sitesine gidin<\/span><\/a>\n\n\n<p><\/p>\n\n\n\n<ul><li>\u0130ndirme h\u0131z\u0131 maksimum eri\u015filebilir durumda<\/li><li>Etkin olmayan dosyalar i\u00e7in dosya saklama s\u00fcresi 90 g\u00fcnd\u00fcr<\/li><li>Dosya ba\u015f\u0131na maksimum 5 GB indirme<\/li><li>Depolama mesafesi 50 GB&#8217;a kadar<\/li><li>G\u00fcnl\u00fck 50 GB toplam depolama bant geni\u015fli\u011fi<\/li><li>\u0130ndirmelerde kusur yok, hemen ba\u015flay\u0131n<\/li><li>Ayn\u0131 anda birden fazla belgeyi indirin<\/li><li>Reklam kesintisi yok<\/li><li>Eri\u015filebilir olu\u015fturulan FTP ve HTTP y\u00fcklemeleri<\/li><li>Hotlinks indirme onayland\u0131<\/li><\/ul>\n\n\n\n<h2><strong>Fileboom: \u00d6zet<\/strong><\/h2>\n\n\n\n<p>Fileboom, internet dosya depolama deneyiminizde ihtiya\u00e7 duydu\u011funuz her \u015feyi size sunmak i\u00e7in haz\u0131rlanm\u0131\u015f bir dosya bar\u0131nd\u0131r\u0131c\u0131s\u0131d\u0131r. G\u00fcvenlikten, uzak mesafelerden, oranlara kadar, size istedi\u011finizi sa\u011flayabilir. Alt\u0131 y\u0131l boyunca m\u00fckemmelli\u011fini kan\u0131tlad\u0131, bu nedenle bu sezona neden binlerce kullan\u0131c\u0131s\u0131 oldu\u011funa \u015f\u00fcphe yok. Memnun olan ve dosyalar\u0131n\u0131z\u0131 sorunsuz ve verimli bir \u015fekilde \u00e7evrimi\u00e7i kaydetmeye ba\u015flayan kullan\u0131c\u0131lar\u0131ndan biri olun.<\/p>\n\n\n\n<p>Daha fazlas\u0131n\u0131 \u00f6\u011frenmek istiyorsan\u0131z, ba\u011flant\u0131ya t\u0131klay\u0131n: <strong><a href=\"https:\/\/fileboom.biz\/tr\/\" target=\"_blank\" rel=\"noreferrer noopener\">FileBoom.biz <\/a><\/strong>ve <strong><a href=\"https:\/\/filebooms.com\/tr\/\" target=\"_blank\" rel=\"noreferrer noopener\">https:\/\/FileBooms.com\/<\/a><\/strong><\/p>\n\n\n\n<h2><strong>Fileboom&#8217;da S\u0131k Sorulan Sorular (SSS)<\/strong><\/h2>\n\n\n\n<h3>Fileboom Yasal m\u0131?<\/h3>\n\n\n\n<p>Evet, bu% 100 yasal. Fileboom \u00e7ok g\u00fcvenilir ve on binlerce kullan\u0131c\u0131ya m\u00fckemmel hizmet veren alt\u0131 y\u0131ld\u0131r varl\u0131\u011f\u0131n\u0131 s\u00fcrd\u00fcr\u00fcyor.<\/p>\n\n\n\n<h3>Fileboom&#8217;un avantaj\u0131 nedir?<\/h3>\n\n\n\n<p>Fileboom, di\u011fer belge bar\u0131nd\u0131rma sa\u011flay\u0131c\u0131lar\u0131na k\u0131yasla bir\u00e7ok avantaj sunar. Daha b\u00fcy\u00fck depolama alan\u0131 ve bant geni\u015fli\u011fi sunarken, \u00f6\u011frencilerin yararlanabilece\u011finden \u00e7ok daha ekonomiktir. Maksimum a\u015fa\u011f\u0131 y\u00fck k\u0131s\u0131tlamalar\u0131 ayr\u0131ca on binlerce Megabayt (MB) gibi daha b\u00fcy\u00fck dosya boyutlar\u0131na da getirilir. ve en \u00f6nemlisi, korumal\u0131 ve g\u00fcvenli olmas\u0131 garantilidir.<\/p>\n\n\n\n<h3>Fileboom \u00fcst d\u00fczey hesaplar\u0131ndan yararlanmam\u0131 nas\u0131l sa\u011flayabilirim?<\/h3>\n\n\n\n<p>Yaln\u0131zca 3 g\u00fcn i\u00e7in 6,90 2500 mutlak minimum seviyeye, bir y\u0131l i\u00e7in 113,95 2500&#8217;e ihtiyac\u0131n\u0131z vard\u0131r. Ne kadar \u00e7ok s\u00fcre plan\u0131 se\u00e7erseniz, her g\u00fcn plan\u0131n maliyeti hakk\u0131nda o kadar fazla indirim al\u0131rs\u0131n\u0131z. Y\u0131ll\u0131k plan\u0131 se\u00e7erseniz, her g\u00fcn yaln\u0131zca 0.31 2500 civar\u0131nda \u00f6dersiniz!<\/p>\n\n\n\n<h3>Fileboom g\u00fcvenli olabilir mi?<\/h3>\n\n\n\n<p>Evet, kesinlikle g\u00fcvenlidir. Fileboom, g\u00fcvenlik ve korumaya \u00f6ncelik verir. G\u00fcvenlik protokollerini sadece sistem i\u00e7inde sadece yasal i\u015flemlerin yap\u0131lmas\u0131 i\u00e7in uygular ve hi\u00e7bir ek yetkisiz d\u0131\u015f a\u011f\u0131n girmesi m\u00fcmk\u00fcn olmaz. Dosyalar\u0131n\u0131z\u0131n zarars\u0131z oldu\u011fundan ve sadece siz alabilece\u011finizden emin olun.<\/p>\n\n\n\n<h3>Fileboom&#8217;da para iadesi var m\u0131?<\/h3>\n\n\n\n<p>Evet, geri \u00f6deme yap\u0131labilir, ancak sat\u0131n alma i\u015fleminden sonra yaln\u0131zca yirmi d\u00f6rt saatten fazla. Para iadesi talep etmek i\u00e7in ge\u00e7erli bir nedeniniz olmal\u0131d\u0131r. Yeniden para yat\u0131rmak isterseniz m\u00fc\u015fteri hizmetleriyle ileti\u015fime ge\u00e7in ve Fileboom&#8217;u kullan\u0131rken sorunla kar\u015f\u0131la\u015ft\u0131\u011f\u0131n\u0131zda bunu do\u011frulayacakt\u0131r. Talebiniz kabul edildikten sonra, tam olarak kullan\u0131lan \u00f6deme y\u00f6ntemiyle paran\u0131z\u0131 geri g\u00f6nderecektir ve genellikle 2-3 i\u015f g\u00fcn\u00fc s\u00fcrebilir.<\/p>\n\n\n<a class=\"maxbutton-1 maxbutton maxbutton-cta\" target=\"_blank\" rel=\"nofollow noopener\" href=\"\/go\/\"><span class='mb-text'>&gt;&gt; Original Fileboom.me web sitesine gidin<\/span><\/a>\n\n\n<p><\/p>\n","protected":false},"excerpt":{"rendered":"<p>Fileboom Premium Account Review &#8212; Hepsi Bir Arada Dosya Bar\u0131nd\u0131rma Sa\u011flay\u0131c\u0131n\u0131z Bilgisayar\u0131n\u0131zda, diz\u00fcst\u00fcn\u00fczde, telefonlar\u0131n\u0131zda ve farkl\u0131 cihazlar\u0131n\u0131zda depolama i\u00e7in yeterli yer yok mu? Kendi dosyalar\u0131n\u0131za eri\u015fmek i\u00e7in USB flash s\u00fcr\u00fcc\u00fcleri, sabit disk s\u00fcr\u00fcc\u00fcleri ve benzerlerini bir araya getirmekten b\u0131kt\u0131n\u0131z m\u0131? Daha sonra, internette dosya kaydetmeye ge\u00e7i\u015f ki\u015fisel olarak sizin i\u00e7in hayati \u00f6nem ta\u015f\u0131r! Bu, kendi [&hellip;]<\/p>\n","protected":false},"author":7,"featured_media":0,"parent":0,"menu_order":0,"comment_status":"closed","ping_status":"closed","template":"full-width.php","meta":[],"_links":{"self":[{"href":"https:\/\/filebooms.co\/tr\/wp-json\/wp\/v2\/pages\/288"}],"collection":[{"href":"https:\/\/filebooms.co\/tr\/wp-json\/wp\/v2\/pages"}],"about":[{"href":"https:\/\/filebooms.co\/tr\/wp-json\/wp\/v2\/types\/page"}],"author":[{"embeddable":true,"href":"https:\/\/filebooms.co\/tr\/wp-json\/wp\/v2\/users\/7"}],"replies":[{"embeddable":true,"href":"https:\/\/filebooms.co\/tr\/wp-json\/wp\/v2\/comments?post=288"}],"version-history":[{"count":4,"href":"https:\/\/filebooms.co\/tr\/wp-json\/wp\/v2\/pages\/288\/revisions"}],"predecessor-version":[{"id":331,"href":"https:\/\/filebooms.co\/tr\/wp-json\/wp\/v2\/pages\/288\/revisions\/331"}],"wp:attachment":[{"href":"https:\/\/filebooms.co\/tr\/wp-json\/wp\/v2\/media?parent=288"}],"curies":[{"name":"wp","href":"https:\/\/api.w.org\/{rel}","templated":true}]}}