{"id":282,"date":"2020-11-20T16:26:22","date_gmt":"2020-11-20T16:26:22","guid":{"rendered":"https:\/\/filebooms.co\/?page_id=282"},"modified":"2021-01-20T20:36:37","modified_gmt":"2021-01-20T20:36:37","slug":"fileboom-premium-account-review-your-all-in-one-file-hosting-provider","status":"publish","type":"page","link":"https:\/\/filebooms.co\/pl\/","title":{"rendered":"Fileboom Premium Account Review &#8211; Tw\u00f3j dostawca hostingu plik\u00f3w All In One"},"content":{"rendered":"\n<h2><strong>Fileboom Premium Account Review &#8212; Tw\u00f3j dostawca hostingu plik\u00f3w All In One<\/strong><\/h2>\n\n\n\n<p>Niewystarczaj\u0105ca ilo\u015b\u0107 miejsca na komputer, notebook, telefony i inne urz\u0105dzenia? Masz do\u015b\u0107 \u0142\u0105czenia pami\u0119ci USB, dysk\u00f3w twardych i takich z jednym, aby uzyska\u0107 dost\u0119p do w\u0142asnych plik\u00f3w? Nast\u0119pnie, przej\u015bcie na zapisywanie plik\u00f3w w Internecie jest dla Ciebie osobi\u015bcie bardzo wa\u017cne! To mo\u017ce by\u0107 jasne rozwi\u0105zanie dla Twoich w\u0142asnych problem\u00f3w z przechowywaniem dokument\u00f3w!<\/p>\n\n\n\n<p>Je\u015bli chcesz dowiedzie\u0107 si\u0119 wi\u0119cej, po prostu kliknij na link: <strong><a href=\"https:\/\/fileboom.org\/pl\/\" target=\"_blank\" rel=\"noreferrer noopener\">FileBoom.org<\/a> <\/strong>oraz <strong><a href=\"https:\/\/fileboom.co\/pl\/\" target=\"_blank\" rel=\"noreferrer noopener\">fileboom.co<\/a><\/strong><\/p>\n\n\n<a class=\"maxbutton-1 maxbutton maxbutton-cta\" target=\"_blank\" rel=\"nofollow noopener\" href=\"\/go\/\"><span class='mb-text'>&gt;&gt; Wejd\u017a na oryginaln\u0105 stron\u0119 Fileboom.me<\/span><\/a>\n\n\n<p><\/p>\n\n\n\n<p><a rel=\"noreferrer noopener\" href=\"https:\/\/www.techopedia.com\/definition\/25310\/file-hosting-service\" target=\"_blank\">Hostery dokument\u00f3w<\/a> to moda na wiele os\u00f3b, poniewa\u017c daje du\u017co wi\u0119cej korzy\u015bci, je\u015bli chodzi o przechowywanie plik\u00f3w. Zapewnia wi\u0119ksz\u0105 przestrze\u0144 do przechowywania plik\u00f3w, wi\u0119ksz\u0105 przepustowo\u015b\u0107, a tym samym przyspiesza spotkanie z przechowywaniem plik\u00f3w.<\/p>\n\n\n\n<h2><strong>Fileboom &#8212; The Way It functions<\/strong><\/h2>\n\n\n\n<p>Fileboom jest jednym z tych d\u0142ugo dzia\u0142aj\u0105cych program\u00f3w w bran\u017cy hostingu dokument\u00f3w. Zosta\u0142 on za\u0142o\u017cony w 2014 roku w Wielkiej Brytanii i zawiera oferowane rozwi\u0105zanie do przechowywania i udost\u0119pniania dokument\u00f3w dla wszystkich. W ci\u0105gu sze\u015bciu dekad jego us\u0142ugi stale si\u0119 rozwija\u0142y i rozszerzy\u0142y swoj\u0105 w\u0142asn\u0105 gospodark\u0119 na ca\u0142ym \u015bwiecie, dzi\u0119ki czemu sta\u0142 si\u0119 otwarty dla ka\u017cdego poprzez sie\u0107.<\/p>\n\n\n\n<h2><strong>Co to jest Fileboom?<\/strong><\/h2>\n\n\n\n<p>Fileboom jest platform\u0105 hostingu plik\u00f3w, kt\u00f3ra zasadniczo s\u0142u\u017cy jako mieszkanie z w\u0142asnych plik\u00f3w. Zapewnia ona bezpieczny hosting w chmurze, dzi\u0119ki czemu mo\u017cesz zacz\u0105\u0107 zapisywa\u0107 swoje pliki online. To naprawd\u0119 jest do\u015b\u0107 skuteczne, gdy chcesz by\u0107 w stanie uzyska\u0107 sw\u00f3j kiedykolwiek, gdzie i w r\u00f3\u017cnego rodzaju urz\u0105dze\u0144 za po\u015brednictwem Internetu. I nie musisz si\u0119 martwi\u0107 o bezpiecze\u0144stwo, poniewa\u017c bezpiecze\u0144stwo dokument\u00f3w jest najwy\u017cszym priorytetem Fileboom. To tak, jakby\u015b zapisywa\u0142 swoje pliki w skarbcu za pomoc\u0105 has\u0142a, do kt\u00f3rego tylko Ty b\u0119dziesz m\u00f3g\u0142 uzyska\u0107 dost\u0119p. Fileboom mo\u017ce by\u0107 dla Ciebie najlepszym rozwi\u0105zaniem problem\u00f3w z przechowywaniem plik\u00f3w. Opr\u00f3cz ochrony dokument\u00f3w, zapewnia on dodatkowe us\u0142ugi, kt\u00f3re z pewno\u015bci\u0105 u\u0142atwi\u0105 Ci prac\u0119. Posiada du\u017c\u0105 przestrze\u0144 do przechowywania, du\u017c\u0105 przepustowo\u015b\u0107, mened\u017cery nagra\u0144 i wiele wi\u0119cej. Fileboom to zdecydowanie hoster plik\u00f3w typu all-in-one.<\/p>\n\n\n\n<h2><strong>Czego mo\u017cna oczekiwa\u0107 w Fileboomie?<\/strong><\/h2>\n\n\n\n<ol><li>Easy touse Platform: Platforma jest dostosowana do najprostszego stanu, jak to tylko mo\u017cliwe, wi\u0119c pocz\u0105tkuj\u0105cy nie b\u0119d\u0105 mieli trudno\u015bci z jej obs\u0142ug\u0105. Musisz tylko zna\u0107 podstawy obs\u0142ugi komputera i jeste\u015b gotowy do pracy. Funkcje Fileboom wymagaj\u0105 tylko kilku klikni\u0119\u0107, aby m\u00f3c korzysta\u0107 z jego w\u0142asnych us\u0142ug.<\/li><li>W 100% zabezpieczony: Ty musie\u0107 martwi\u0107 si\u0119 o tw\u00f3j kartoteka gdy Fileboom priorytetyzowa\u0107 kartoteka ochrona na cokolwiek. Ono mie\u0107 zakodowany <a rel=\"noreferrer noopener\" href=\"https:\/\/www.verisign.com\/en_US\/website-presence\/online\/ssl-certificates\/index.xhtml\" target=\"_blank\">SSL certified<\/a> protoko\u0142y bezpiecze\u0144stwa gwarantuj\u0105ce bardziej zaawansowany poziom bezpiecze\u0144stwa. Posiada anty-malware, kt\u00f3ry chroni przed dost\u0119pem os\u00f3b trzecich, haker\u00f3w, a nawet sieci zewn\u0119trznych przed wej\u015bciem do systemu. Rekordy mog\u0105 by\u0107 r\u00f3wnie\u017c po prostu widziane przez Ciebie, a inni u\u017cytkownicy nie b\u0119d\u0105 mogli uzyska\u0107 do nich dost\u0119pu (je\u015bli nie udost\u0119pnisz ich celowo). Nie s\u0105 r\u00f3wnie\u017c podejmowane \u017cadne nielegalne dzia\u0142ania, poniewa\u017c pliki zamieszczone na platformie s\u0105 monitorowane, a zatem nie s\u0105 to pliki pornograficzne, nago\u015b\u0107, przemoc, nadu\u017cycia lub pliki zwi\u0105zane z przest\u0119pczo\u015bci\u0105, i takie b\u0119d\u0105 pobierane lub zamieszczane.<\/li><li>Bardzo tanie konta Fileboom Premium: Twoja got\u00f3wka mo\u017ce zaoszcz\u0119dzi\u0107 sobie sto dolc\u00f3w w por\u00f3wnaniu z dodatkowymi hostami plik\u00f3w. To b\u0119dzie na pewno warto, poniewa\u017c zapewnia us\u0142ugi takie same jak te wysokie koszty host\u00f3w plik\u00f3w. Plus, doskona\u0142o\u015b\u0107 jest na pewno mo\u017cna znale\u017a\u0107 tutaj w Fileboomie.<\/li><li>Transparentny graficzny interfejs u\u017cytkownika: Fileboom jest przejrzysty dla w\u0142asnych u\u017cytkownik\u00f3w i dostarcza informacji na temat w\u0142asnych plik\u00f3w od nazwy pliku, jako\u015bci, daty wgrania, itp. Jest to sekcja aktualno\u015bci na swojej platformie, dzi\u0119ki kt\u00f3rej mo\u017cesz by\u0107 na bie\u017c\u0105co z informacjami o oprogramowaniu, takimi jak aktualizacje dokonane w celu wzmocnienia Twojego systemu.<\/li><li>Zawsze w stanie pom\u00f3c obs\u0142udze klienta. Zesp\u00f3\u0142 obs\u0142ugi klienta Fileboom jest dobrowolnie dost\u0119pny, aby pom\u00f3c Ci w rozwi\u0105zywaniu Twoich problem\u00f3w i w\u0105tpliwo\u015bci i reaguje na nie tak szybko, jak to mo\u017cliwe. Mo\u017cna si\u0119 z nimi \u0142atwo skontaktowa\u0107 za pomoc\u0105 poczty elektronicznej, wystarczy wys\u0142a\u0107 wiadomo\u015b\u0107 na adres support@fileboompremium.com. Oczekuj\u0105c na ich odpowied\u017a, mo\u017cesz uda\u0107 si\u0119 do Centrum Wsparcia lub sekcji FAQ w celu znalezienia wsp\u00f3lnych problem\u00f3w napotykanych przez u\u017cytkownik\u00f3w i by\u0107 mo\u017ce od tego momentu znajdziesz rozwi\u0105zanie swojego problemu.<\/li><li>Satysfakcjonuj\u0105ce us\u0142ugi. Wielu zadowolonych klient\u00f3w podzieli\u0142o si\u0119 w sieci swoimi pozytywnymi opiniami. Wielu u\u017cytkownik\u00f3w jest lojalnym klientem Fileboom i pozostaje z nim od lat, poniewa\u017c s\u0105 naprawd\u0119 zadowoleni z us\u0142ug oferowanych przez Fileboom. System i oprogramowanie Fileboom s\u0105 zawsze aktualizowane wraz z post\u0119pem technologicznym i technologicznym.<\/li><\/ol>\n\n\n\n<h2><strong>Co to ma do zaoferowania<\/strong><\/h2>\n\n\n\n<ul><li>Szybsze pobieranie: Fileboom zapewnia ogromn\u0105 przepustowo\u015b\u0107, a to oznacza, \u017ce mo\u017cliwe jest osi\u0105gni\u0119cie najwy\u017cszej dost\u0119pnej pr\u0119dko\u015bci pobierania i szybsz\u0105 prac\u0119 dla Ciebie osobi\u015bcie.<\/li><li>Wi\u0119ksza przestrze\u0144 do przechowywania: Fileboom oferuje tysi\u0105ce GB przestrzeni dyskowej dost\u0119pnej dla Ciebie, dzi\u0119ki czemu mo\u017cesz przechowywa\u0107 wiele swoich plik\u00f3w wraz z du\u017cymi rozmiarami plik\u00f3w, takich jak filmy i wideo.<\/li><li>Funkcja &#8222;przeci\u0105gnij i upu\u015b\u0107&#8221;: Aby uczyni\u0107 to du\u017co prostszym dla u\u017cytkownika, Fileboom udost\u0119pni\u0142 funkcj\u0119 Drag and Drop, a to oznacza, \u017ce mo\u017cna przes\u0142a\u0107 wiele plik\u00f3w za pomoc\u0105 jednego klikni\u0119cia. Wystarczy po prostu przeci\u0105gn\u0105\u0107 pliki z komputera lub urz\u0105dzenia i zrzuci\u0107 je do programu Fileboom, a zostan\u0105 one automatycznie przes\u0142ane do komputera.<\/li><li>Udost\u0119pnianie dokument\u00f3w: Jest to jeden z dodatkowych atut\u00f3w Fileboom, poniewa\u017c jest to us\u0142uga udost\u0119pniania dokument\u00f3w. Dzi\u0119ki tej opcji, znajdziesz spos\u00f3b na dzielenie si\u0119 plikami z innymi u\u017cytkownikami Fileboom na ca\u0142ym \u015bwiecie poprzez udost\u0119pnianie link\u00f3w. Musisz tylko skopiowa\u0107 konkretne po\u0142\u0105czenie z dokumentem, o kt\u00f3rym chcesz porozmawia\u0107 i wys\u0142a\u0107 go do osoby, z kt\u00f3r\u0105 chcesz o tym porozmawia\u0107. Ten link, kt\u00f3ry udost\u0119pniasz, b\u0119dzie automatycznie s\u0142u\u017cy\u0142 jako Twoje pozwolenie, aby inni u\u017cytkownicy mogli otrzyma\u0107 Twoje pliki.<\/li><li>Proste zarz\u0105dzanie plikami. Mo\u017cliwe jest zarz\u0105dzanie plikami zgodnie z w\u0142asnymi preferencjami. Mo\u017cesz zdecydowa\u0107 si\u0119 na zorganizowanie go poprzez utworzenie folder\u00f3w i pogrupowanie plik\u00f3w ze zdj\u0119\u0107, dokument\u00f3w, film\u00f3w, itp. tak, aby\u015b m\u00f3g\u0142 \u0142atwo uzyska\u0107 do nich dost\u0119p w przysz\u0142o\u015bci.<\/li><\/ul>\n\n\n\n<h2><strong>Jak za\u0142o\u017cy\u0107 darmowe konto w systemie Fileboom<\/strong><\/h2>\n\n\n\n<p>Rejestracja w systemie Fileboom odbywa si\u0119 szybko i \u0142atwo. Wystarczy wpisa\u0107 swoje imi\u0119 i nazwisko, aktualny adres e-mail i ustawi\u0107 has\u0142o. Nast\u0119pnie zostanie wys\u0142any e-mail potwierdzaj\u0105cy Twoj\u0105 to\u017csamo\u015b\u0107, a po weryfikacji Twoje konto zostanie uruchomione.<\/p>\n\n\n\n<h2>Aktualizacja do konta Fileboom Premium<\/h2>\n\n\n\n<p>Uaktualnienie do premii Fileboom odbywa si\u0119 po prostu poprzez wyb\u00f3r okresu planu, kt\u00f3ry chcesz po prostu wzi\u0105\u0107 i zap\u0142aci\u0107, aby uzyska\u0107 go w Internecie. Dost\u0119pnych jest wiele metod p\u0142atno\u015bci, a to oznacza, \u017ce mo\u017cna wybra\u0107, kt\u00f3re mog\u0105 by\u0107 znacznie bardziej efektywne dla Ciebie. P\u0142atno\u015bci mog\u0105 by\u0107 dokonywane za pomoc\u0105 kart kredytowych (<a rel=\"noreferrer noopener\" href=\"https:\/\/www.visa.com.ph\/\" target=\"_blank\">Visa<\/a> \u0142\u0105cznie z <a rel=\"noreferrer noopener\" href=\"https:\/\/www.mastercard.us\/en-us.html\" target=\"_blank\">Mastercard<\/a>), Bit Coin, Webmoney, American Express, Discover, JCB, Yandex, r\u00f3wnie\u017c poprzez vouchery poprzez renomowanego freelancera. Po otrzymaniu powiadomienia o zako\u0144czeniu p\u0142atno\u015bci, mo\u017cesz od\u015bwie\u017cy\u0107 stron\u0119, a po ponownym zalogowaniu si\u0119 automatycznie zaoferuje Ci ona wersj\u0119 wy\u017csz\u0105.<\/p>\n\n\n<a class=\"maxbutton-1 maxbutton maxbutton-cta\" target=\"_blank\" rel=\"nofollow noopener\" href=\"\/go\/\"><span class='mb-text'>&gt;&gt; Wejd\u017a na oryginaln\u0105 stron\u0119 Fileboom.me<\/span><\/a>\n\n\n<p><\/p>\n\n\n\n<ul><li>Pr\u0119dko\u015b\u0107 pobierania jest maksymalnie dost\u0119pna<\/li><li>Przechowywanie plik\u00f3w jest w ci\u0105gu 90 dni dla plik\u00f3w nieaktywnych<\/li><li>5 GB maksymalnego pobrania na plik<\/li><li>Odleg\u0142o\u015b\u0107 przechowywania: do 50 GB<\/li><li>\u0141\u0105czna przepustowo\u015b\u0107 pami\u0119ci masowej 50 GB Codziennie<\/li><li>Nie ma \u017cadnych usterek z pobieraniem plik\u00f3w, zacznij natychmiast<\/li><li>Pobierz wiele dokument\u00f3w na raz<\/li><li>Brak przerw na reklam\u0119<\/li><li>Utworzone pliki FTP i HTTP dost\u0119pne<\/li><li>Potwierdzono pobieranie hotlink\u00f3w<\/li><\/ul>\n\n\n\n<h2><strong>Fileboom: Podsumowanie<\/strong><\/h2>\n\n\n\n<p>Fileboom jest rzeczywi\u015bcie hoster plik\u00f3w przygotowany, aby s\u0142u\u017cy\u0107 Ci z tym, co wymagane w Twoim do\u015bwiadczeniu przechowywania plik\u00f3w internetowych. Od bezpiecze\u0144stwa, du\u017cych odleg\u0142o\u015bci, do oceny, to mo\u017ce zapewni\u0107 Ci wszystko, co chcesz. Przez sze\u015b\u0107 lat udowodni\u0142 swoj\u0105 doskona\u0142o\u015b\u0107, dlatego nie ma w\u0105tpliwo\u015bci, \u017ce ma tysi\u0105ce u\u017cytkownik\u00f3w do tego sezonu. B\u0105d\u017a jednym z jego u\u017cytkownik\u00f3w, kt\u00f3rzy s\u0105 zadowoleni i zacznij zapisywa\u0107 swoje pliki online bez \u017cadnych k\u0142opot\u00f3w i efektywnie.<\/p>\n\n\n\n<p>Je\u015bli chcesz dowiedzie\u0107 si\u0119 wi\u0119cej, po prostu kliknij na link: <strong><a href=\"https:\/\/fileboom.biz\/pl\/\" target=\"_blank\" rel=\"noreferrer noopener\">FileBoom.biz <\/a><\/strong>oraz <strong><a href=\"https:\/\/filebooms.com\/pl\/\" target=\"_blank\" rel=\"noreferrer noopener\">https:\/\/FileBooms.com\/<\/a><\/strong><\/p>\n\n\n\n<h2><strong>Najcz\u0119\u015bciej zadawane pytania (FAQ) w systemie Fileboom<\/strong><\/h2>\n\n\n\n<h3>Czy Fileboom jest legalny?<\/h3>\n\n\n\n<p>Tak, to jest w 100% legalne. Fileboom jest bardzo godny zaufania i istnieje od sze\u015bciu lat, zapewniaj\u0105c doskona\u0142\u0105 obs\u0142ug\u0119 dziesi\u0105tkom tysi\u0119cy u\u017cytkownik\u00f3w.<\/p>\n\n\n\n<h3>Jaka jest zaleta Fileboom?<\/h3>\n\n\n\n<p>Fileboom oferuje wiele korzy\u015bci w por\u00f3wnaniu z innymi dostawcami us\u0142ug hostingu dokument\u00f3w. Jest znacznie bardziej przyst\u0119pny cenowo ni\u017c studenci mog\u0105 z niego korzysta\u0107, oferuj\u0105c jednocze\u015bnie wi\u0119ksz\u0105 przestrze\u0144 dyskow\u0105 i przepustowo\u015b\u0107. Ograniczenia maksymalnego obci\u0105\u017cenia w d\u00f3\u0142 s\u0105 r\u00f3wnie\u017c umie\u015bci\u0107 na wi\u0119ksze rozmiary plik\u00f3w dziesi\u0105tek tysi\u0119cy megabajt\u00f3w (MB). i co najwa\u017cniejsze, to jest gwarantowane chronione i bezpieczne.<\/p>\n\n\n\n<h3>Jak mog\u0119 pokry\u0107 koszty korzystania z konta nadrz\u0119dnego Fileboom?<\/h3>\n\n\n\n<p>Wymagany jest jedynie absolutny minimalny poziom 6,90 2500 przez 3 dni do 113,95 2500 przez rok. Im wi\u0119cej czasu trwania planu wybierzesz, tym wi\u0119ksz\u0105 zni\u017ck\u0119 otrzymasz o kosztach tego planu ka\u017cdego dnia. Je\u015bli wybierzesz plan roczny, p\u0142acisz tylko oko\u0142o 0,31 2500 ka\u017cdego dnia!<\/p>\n\n\n\n<h3>Czy Fileboom mo\u017ce by\u0107 bezpieczny?<\/h3>\n\n\n\n<p>Tak, to na pewno jest bezpieczne. Fileboom daje priorytet w zakresie bezpiecze\u0144stwa i ochrony. Implementuje jedynie swoje protoko\u0142y bezpiecze\u0144stwa, aby w ramach systemu mo\u017cna by\u0142o podejmowa\u0107 tylko legalne dzia\u0142ania, a nie wprowadza\u0107 dodatkowych, nieupowa\u017cnionych os\u00f3b spoza sieci. B\u0105d\u017a pewien, \u017ce Twoje pliki s\u0105 nieszkodliwe i tylko Ty mo\u017cesz je dosta\u0107.<\/p>\n\n\n\n<h3>Czy w Fileboom mo\u017cna uzyska\u0107 zwrot pieni\u0119dzy?<\/h3>\n\n\n\n<p>Tak, zwrot pieni\u0119dzy jest dost\u0119pny, ale tylko ponad dwadzie\u015bcia cztery godziny po zakupie. Musisz mie\u0107 wa\u017cny pow\u00f3d, aby poprosi\u0107 o zwrot pieni\u0119dzy. Skontaktuj si\u0119 z dzia\u0142em obs\u0142ugi klienta, je\u015bli chcesz ponownie zasili\u0107 konto, a on sprawdzi, kiedy napotkasz problemy z u\u017cytkowaniem Fileboom. Kiedy Twoja pro\u015bba zostanie zaakceptowana, odes\u0142a\u0107 pieni\u0105dze dok\u0142adnie t\u0105 sam\u0105 metod\u0105 p\u0142atno\u015bci i cz\u0119sto mo\u017ce to wymaga\u0107 2-3 dni roboczych.<\/p>\n\n\n<a class=\"maxbutton-1 maxbutton maxbutton-cta\" target=\"_blank\" rel=\"nofollow noopener\" href=\"\/go\/\"><span class='mb-text'>&gt;&gt; Wejd\u017a na oryginaln\u0105 stron\u0119 Fileboom.me<\/span><\/a>\n\n\n<p><\/p>\n","protected":false},"excerpt":{"rendered":"<p>Fileboom Premium Account Review &#8212; Tw\u00f3j dostawca hostingu plik\u00f3w All In One Niewystarczaj\u0105ca ilo\u015b\u0107 miejsca na komputer, notebook, telefony i inne urz\u0105dzenia? Masz do\u015b\u0107 \u0142\u0105czenia pami\u0119ci USB, dysk\u00f3w twardych i takich z jednym, aby uzyska\u0107 dost\u0119p do w\u0142asnych plik\u00f3w? Nast\u0119pnie, przej\u015bcie na zapisywanie plik\u00f3w w Internecie jest dla Ciebie osobi\u015bcie bardzo wa\u017cne! To mo\u017ce by\u0107 [&hellip;]<\/p>\n","protected":false},"author":7,"featured_media":0,"parent":0,"menu_order":0,"comment_status":"closed","ping_status":"closed","template":"full-width.php","meta":[],"_links":{"self":[{"href":"https:\/\/filebooms.co\/pl\/wp-json\/wp\/v2\/pages\/282"}],"collection":[{"href":"https:\/\/filebooms.co\/pl\/wp-json\/wp\/v2\/pages"}],"about":[{"href":"https:\/\/filebooms.co\/pl\/wp-json\/wp\/v2\/types\/page"}],"author":[{"embeddable":true,"href":"https:\/\/filebooms.co\/pl\/wp-json\/wp\/v2\/users\/7"}],"replies":[{"embeddable":true,"href":"https:\/\/filebooms.co\/pl\/wp-json\/wp\/v2\/comments?post=282"}],"version-history":[{"count":3,"href":"https:\/\/filebooms.co\/pl\/wp-json\/wp\/v2\/pages\/282\/revisions"}],"predecessor-version":[{"id":328,"href":"https:\/\/filebooms.co\/pl\/wp-json\/wp\/v2\/pages\/282\/revisions\/328"}],"wp:attachment":[{"href":"https:\/\/filebooms.co\/pl\/wp-json\/wp\/v2\/media?parent=282"}],"curies":[{"name":"wp","href":"https:\/\/api.w.org\/{rel}","templated":true}]}}