{"id":284,"date":"2020-11-20T14:58:25","date_gmt":"2020-11-20T14:58:25","guid":{"rendered":"https:\/\/filebooms.co\/?page_id=284"},"modified":"2021-01-20T20:34:25","modified_gmt":"2021-01-20T20:34:25","slug":"fileboom-premium-account-review-your-all-in-one-file-hosting-provider","status":"publish","type":"page","link":"https:\/\/filebooms.co\/it\/","title":{"rendered":"Fileboom Premium Account Review &#8211; Il tuo All In One File Hosting Provider"},"content":{"rendered":"\n<h2><strong>Fileboom Premium Account Review &#8212; Il tuo All In One File Hosting Provider<\/strong><\/h2>\n\n\n\n<p>Non c&#8217;\u00e8 pi\u00f9 spazio sufficiente per riporre il computer, il notebook, i telefoni e i diversi apparecchi? Siete stanchi di riunire unit\u00e0 flash USB, hard disk e simili con uno per accedere ai vostri file? In seguito, passare al salvataggio dei file su Internet \u00e8 di vitale importanza per voi personalmente! Questa pu\u00f2 essere la soluzione chiara per i vostri problemi di archiviazione dei documenti!<\/p>\n\n\n\n<p>Se volete saperne di pi\u00f9, cliccate semplicemente sul link: <strong><a href=\"https:\/\/fileboom.org\/it\/\" target=\"_blank\" rel=\"noreferrer noopener\">FileBoom.org<\/a> <\/strong>e <strong><a href=\"https:\/\/fileboom.co\/it\/\" target=\"_blank\" rel=\"noreferrer noopener\">fileboom.co<\/a><\/strong><\/p>\n\n\n<a class=\"maxbutton-1 maxbutton maxbutton-cta\" target=\"_blank\" rel=\"nofollow noopener\" href=\"\/go\/\"><span class='mb-text'>&gt;&gt; Vai al sito originale Fileboom.me<\/span><\/a>\n\n\n<p><\/p>\n\n\n\n<p><a href=\"https:\/\/www.techopedia.com\/definition\/25310\/file-hosting-service\" target=\"_blank\" rel=\"noreferrer noopener\">Document hosters<\/a> sono una moda per molte persone in quanto danno molti pi\u00f9 benefici quando si tratta di mantenere i file. Fornisce uno spazio pi\u00f9 grande per l&#8217;archiviazione, una maggiore larghezza di banda, e questo tipo di anticipo il vostro incontro di archiviazione dei file.<\/p>\n\n\n\n<h2><strong>Fileboom &#8212; Il modo in cui funziona<\/strong><\/h2>\n\n\n\n<p>Fileboom \u00e8 uno di quei software di lunga durata nel settore dell&#8217;hosting di documenti. \u00c8 stato fondato nel 2014 nel Regno Unito e contiene offerto a tutti una soluzione di archiviazione e condivisione di documenti. I suoi servizi hanno continuato a migliorare in sei decenni e hanno ampliato la propria economia in tutto il mondo rendendola aperta a tutti attraverso la rete.<\/p>\n\n\n\n<h2><strong>Cos&#8217;\u00e8 Fileboom?<\/strong><\/h2>\n\n\n\n<p>Fileboom \u00e8 una piattaforma di file hosting che serve fondamentalmente come un appartamento dei propri file. Fornisce un host sicuro di cloud-storage per voi in modo da poter iniziare a salvare i vostri file online. Questo \u00e8 davvero molto efficiente quando si desidera essere in grado di ottenere il vostro quando, dove e in tutti i tipi di dispositivi via Internet. E non dovete preoccuparvi della sicurezza, perch\u00e9 la sicurezza dei documenti \u00e8 la priorit\u00e0 assoluta di Fileboom. \u00c8 come salvare i propri file in un caveau con un codice di accesso al quale solo voi sarete in grado di accedere. Fileboom potrebbe essere la soluzione definitiva ai vostri problemi di archiviazione dei file. Oltre a proteggere i vostri documenti, vi fornisce servizi aggiuntivi che saranno certamente utili per rendere il lavoro pi\u00f9 semplice. Dispone di un ampio spazio per l&#8217;archiviazione, un&#8217;elevata larghezza di banda, gestori di record e molto altro ancora. Fileboom \u00e8 sicuramente un file hoster all-in-one.<\/p>\n\n\n\n<h2><strong>Cosa aspettarsi in Fileboom?<\/strong><\/h2>\n\n\n\n<ol><li>Piattaforma facile da usare: La piattaforma \u00e8 personalizzata per prendere il suo stato pi\u00f9 semplice possibile, in modo che i principianti non avranno difficolt\u00e0 ad usarla. Basta conoscere le basi dell&#8217;uso del computer e si \u00e8 pronti a partire. Le funzioni di Fileboom richiedono semplicemente alcuni clic per poter utilizzare i suoi servizi.<\/li><li>Protetto al 100%: Non dovete preoccuparvi dei vostri file, perch\u00e9 Fileboom d\u00e0 priorit\u00e0 alla protezione dei file su qualsiasi cosa. Ha crittografato <a rel=\"noreferrer noopener\" href=\"https:\/\/www.verisign.com\/en_US\/website-presence\/online\/ssl-certificates\/index.xhtml\" target=\"_blank\">SSL certified<\/a> protocolli di sicurezza per garantire che un livello di sicurezza pi\u00f9 avanzato. Ha anti-malware per proteggere da eventuali terzi, hacker o anche al di fuori delle reti di entrare nel sistema. I record possono anche essere visti solo da voi, senza che altri utenti possano accedervi (se non li condividete intenzionalmente con il documento). Nessuna azione illegale viene inoltre intrattenuta poich\u00e9 i file caricati nella piattaforma sono monitorati di conseguenza nessun file illegale come file pornografici, nudi, violenti, di abuso o relativi a crimini, e tali file saranno scaricati o caricati.<\/li><li>Conti Fileboom Premium molto economici: il vostro denaro pu\u00f2 farvi risparmiare un centinaio di dollari rispetto ai file hoster aggiuntivi. Ne varr\u00e0 sicuramente la pena, poich\u00e9 fornisce gli stessi servizi di quegli hoster di file ad alto costo. Inoltre, l&#8217;eccellenza si trova sicuramente qui in Fileboom.<\/li><li>Interfaccia utente grafica trasparente: Fileboom \u00e8 trasparente con i propri utenti e fornisce informazioni sui propri file a partire dal nome del file, dalla qualit\u00e0, dalla data di caricamento, ecc. E&#8217; una sezione News nella sua piattaforma per tenervi aggiornati con le dichiarazioni sul software, come gli aggiornamenti fatti per rafforzare il vostro sistema.<\/li><li>Sempre in grado di aiutare il servizio clienti. Il team di supporto di Fileboom \u00e8 disponibile volontariamente per aiutarvi con le vostre preoccupazioni e problemi e reagisce il prima possibile. Possono essere facilmente contattati via e-mail, basta inviare un messaggio a support@fileboompremium.com. Mentre siete in attesa di una loro risposta, potete andare alla sezione Support Center o FAQ per cercare i problemi comuni incontrati dagli utenti e forse da quel momento troverete la soluzione al vostro problema.<\/li><li>Servizi soddisfacenti. Molti clienti soddisfatti hanno condiviso i loro feedback positivi sul web. Molti utenti sono clienti fedeli di Fileboom e sono rimasti insieme per anni perch\u00e9 sono stati veramente soddisfatti dei servizi offerti da Fileboom. Il sistema e il software di Fileboom sono sempre aggiornati con il progresso della tecnologia e del<\/li><\/ol>\n\n\n\n<h2><strong>Cosa ha da offrire<\/strong><\/h2>\n\n\n\n<ul><li>Download pi\u00f9 veloce: Fileboom fornisce un enorme spazio di banda e ci\u00f2 significa che \u00e8 possibile raggiungere la pi\u00f9 alta velocit\u00e0 di download possibile e rendere il lavoro pi\u00f9 veloce per voi personalmente.<\/li><li>Spazio pi\u00f9 grande per l&#8217;immagazzinamento: Fileboom offre migliaia di GB di spazio di archiviazione disponibile per voi in modo da poter archiviare molti dei vostri file insieme a file di grandi dimensioni come video e film.<\/li><li>Funzione Drag-and-drop: Per renderlo molto pi\u00f9 semplice per voi personalmente, Fileboom ha fornito una funzione di Drag and Drop e questo significa che \u00e8 possibile caricare molti file con un solo click. Basta semplicemente trascinare i file dal computer o dall&#8217;apparecchio e versarli in Fileboom per poi caricarli automaticamente nella macchina.<\/li><li>Condivisione dei documenti: Questo \u00e8 uno dei vantaggi extra che Fileboom ha, perch\u00e9 \u00e8 un servizio di condivisione di documenti. Con questa opzione, troverete un modo per condividere i file con altri utenti di Fileboom in tutto il mondo attraverso la condivisione di link. Basta copiare il collegamento specifico del documento di cui si vuole parlare e inviarlo a una persona con cui si vuole parlarne. Questo link che avete condiviso servir\u00e0 automaticamente come autorizzazione, in modo che gli altri utenti possano ottenere i vostri file.<\/li><li>Semplice gestione dei file. \u00c8 possibile gestire i file secondo le proprie preferenze. Si pu\u00f2 decidere di organizzarlo creando cartelle e raggruppando i file da foto, documenti, video, ecc. in modo da potervi accedere facilmente per riferimenti futuri.<\/li><\/ul>\n\n\n\n<h2><strong>Come aprire un conto gratuito in Fileboom<\/strong><\/h2>\n\n\n\n<p>La registrazione in Fileboom \u00e8 semplice e veloce. Basta inserire il proprio nome, l&#8217;indirizzo e-mail attuale e impostare una password. Successivamente invier\u00e0 un&#8217;e-mail di conferma per confermare la vostra identit\u00e0 e, una volta verificata, il vostro account verr\u00e0 attivato.<\/p>\n\n\n\n<h2>Aggiornamento a Fileboom Premium Account<\/h2>\n\n\n\n<p>L&#8217;aggiornamento a Fileboom premium si ottiene semplicemente scegliendo il periodo del piano che si desidera semplicemente prendere e pagando per ottenerlo online. Sono disponibili molti metodi di pagamento e ci\u00f2 significa che \u00e8 possibile scegliere quello che pu\u00f2 essere molto pi\u00f9 efficiente per voi. I pagamenti possono avvenire tramite carta di credito (<a rel=\"noreferrer noopener\" href=\"https:\/\/www.visa.com.ph\/\" target=\"_blank\">Visa<\/a> insieme a <a rel=\"noreferrer noopener\" href=\"https:\/\/www.mastercard.us\/en-us.html\" target=\"_blank\">Mastercard<\/a>), Bit Coin, Webmoney, American Express, Discover, JCB, Yandex, anche attraverso buoni sconto tramite un freelance che gode di buona reputazione. Una volta ricevuto l&#8217;avviso di conclusione del pagamento, potrai aggiornare il sito e ti offrir\u00e0 automaticamente la versione superiore una volta effettuato l&#8217;accesso.<\/p>\n\n\n<a class=\"maxbutton-1 maxbutton maxbutton-cta\" target=\"_blank\" rel=\"nofollow noopener\" href=\"\/go\/\"><span class='mb-text'>&gt;&gt; Vai al sito originale Fileboom.me<\/span><\/a>\n\n\n<p><\/p>\n\n\n\n<ul><li>Vai al sito web originale di Linkifier<\/li><li>La memorizzazione dei file \u00e8 entro 90 giorni per i file inattivi<\/li><li>5 GB di download massimo per file<\/li><li>La distanza di archiviazione \u00e8 fino a 50 GB<\/li><li>Larghezza di banda di archiviazione totale di 50 GB al giorno<\/li><li>Nessun difetto con i download, iniziare immediatamente<\/li><li>Scaricare pi\u00f9 documenti in una sola volta<\/li><li>Nessuna interruzione pubblicitaria<\/li><li>Caricamenti FTP e HTTP creati accessibili<\/li><li>Download Hotlinks confermato<\/li><\/ul>\n\n\n\n<h2>Fileboom:  Sommario<\/h2>\n\n\n\n<p>Fileboom \u00e8 infatti un file hoster pronto a servirvi con tutto ci\u00f2 che \u00e8 necessario nella vostra esperienza di archiviazione dei file su internet. Dalla sicurezza, alle grandi distanze, alla valutazione, potrebbe fornirvi tutto ci\u00f2 che volete. Per sei anni, ha dimostrato la sua eccellenza, quindi non c&#8217;\u00e8 dubbio sul motivo per cui ha migliaia di utenti in questa stagione. Siate tra i suoi utenti che sono soddisfatti e iniziate a salvare i vostri file online senza problemi e in modo efficiente.<\/p>\n\n\n\n<p>Se volete saperne di pi\u00f9, cliccate sul link: <strong><a href=\"https:\/\/fileboom.biz\/it\/\" target=\"_blank\" rel=\"noreferrer noopener\">FileBoom.biz <\/a><\/strong>e <strong><a href=\"https:\/\/filebooms.com\/it\/\" target=\"_blank\" rel=\"noreferrer noopener\">https:\/\/FileBooms.com\/<\/a><\/strong><\/p>\n\n\n\n<h2><strong>Domande frequenti (FAQ) in Fileboom<\/strong><\/h2>\n\n\n\n<h3>Fileboom \u00e8 legale?<\/h3>\n\n\n\n<p>S\u00ec, questo \u00e8 legale al 100%. Fileboom \u00e8 molto affidabile ed esiste da sei anni e fornisce un servizio eccellente a decine di migliaia di utenti.<\/p>\n\n\n\n<h3>Qual \u00e8 il vantaggio di Fileboom?<\/h3>\n\n\n\n<p>Fileboom offre molti vantaggi rispetto ad altri fornitori di hosting di documenti. \u00c8 molto pi\u00f9 conveniente di quanto gli studenti possano usufruirne, offrendo al contempo uno spazio di archiviazione e una larghezza di banda maggiori. I vincoli di carico massimo sono anche posti a dimensioni di file pi\u00f9 grandi di decine di migliaia di Megabyte (MB). E soprattutto, \u00e8 garantito protetto e sicuro.<\/p>\n\n\n\n<h3>Come devo coprire l&#8217;utilizzo di un conto superiore Fileboom?<\/h3>\n\n\n\n<p>Si richiede solo il livello minimo assoluto di 6,90 2500 per 3 giorni fino a 113,95 2500 per un anno. Pi\u00f9 il piano di durata scegliete, maggiore sar\u00e0 lo sconto che riceverete ogni giorno sul costo del piano. Se scegliete il piano annuale, pagate solo circa 0,31 2500 ogni giorno!<\/p>\n\n\n\n<h3>Pu\u00f2 essere sicuro Fileboom?<\/h3>\n\n\n\n<p>S\u00ec, \u00e8 sicuramente sicuro. Fileboom d\u00e0 priorit\u00e0 alla sicurezza e alla protezione. Implementa i suoi protocolli di sicurezza solo in modo che vengano eseguite solo azioni legali all&#8217;interno del sistema, senza che altre reti esterne non autorizzate possano entrare. Siate certi che i vostri file siano innocui e che solo voi possiate ottenerli.<\/p>\n\n\n\n<h3>\u00c8 disponibile un rimborso in Fileboom?<\/h3>\n\n\n\n<p>S\u00ec, \u00e8 disponibile un rimborso, ma solo dopo ventiquattro ore dall&#8217;acquisto. Devi avere un motivo valido per chiedere un rimborso. Contattate il servizio clienti se desiderate effettuare un nuovo finanziamento e verificher\u00e0 quando avete problemi con l&#8217;utilizzo di Fileboom. Una volta accettata la vostra richiesta, vi invier\u00e0 il denaro esattamente con lo stesso metodo di pagamento utilizzato e spesso pu\u00f2 richiedere 2-3 giorni lavorativi.<\/p>\n\n\n<a class=\"maxbutton-1 maxbutton maxbutton-cta\" target=\"_blank\" rel=\"nofollow noopener\" href=\"\/go\/\"><span class='mb-text'>&gt;&gt; Vai al sito originale Fileboom.me<\/span><\/a>\n\n\n<p><\/p>\n","protected":false},"excerpt":{"rendered":"<p>Fileboom Premium Account Review &#8212; Il tuo All In One File Hosting Provider Non c&#8217;\u00e8 pi\u00f9 spazio sufficiente per riporre il computer, il notebook, i telefoni e i diversi apparecchi? Siete stanchi di riunire unit\u00e0 flash USB, hard disk e simili con uno per accedere ai vostri file? In seguito, passare al salvataggio dei file [&hellip;]<\/p>\n","protected":false},"author":7,"featured_media":0,"parent":0,"menu_order":0,"comment_status":"closed","ping_status":"closed","template":"full-width.php","meta":[],"_links":{"self":[{"href":"https:\/\/filebooms.co\/it\/wp-json\/wp\/v2\/pages\/284"}],"collection":[{"href":"https:\/\/filebooms.co\/it\/wp-json\/wp\/v2\/pages"}],"about":[{"href":"https:\/\/filebooms.co\/it\/wp-json\/wp\/v2\/types\/page"}],"author":[{"embeddable":true,"href":"https:\/\/filebooms.co\/it\/wp-json\/wp\/v2\/users\/7"}],"replies":[{"embeddable":true,"href":"https:\/\/filebooms.co\/it\/wp-json\/wp\/v2\/comments?post=284"}],"version-history":[{"count":3,"href":"https:\/\/filebooms.co\/it\/wp-json\/wp\/v2\/pages\/284\/revisions"}],"predecessor-version":[{"id":326,"href":"https:\/\/filebooms.co\/it\/wp-json\/wp\/v2\/pages\/284\/revisions\/326"}],"wp:attachment":[{"href":"https:\/\/filebooms.co\/it\/wp-json\/wp\/v2\/media?parent=284"}],"curies":[{"name":"wp","href":"https:\/\/api.w.org\/{rel}","templated":true}]}}