{"id":289,"date":"2020-11-20T17:52:53","date_gmt":"2020-11-20T17:52:53","guid":{"rendered":"https:\/\/filebooms.co\/?page_id=289"},"modified":"2021-01-20T20:38:45","modified_gmt":"2021-01-20T20:38:45","slug":"fileboom-premium-account-review-your-all-in-one-file-hosting-provider","status":"publish","type":"page","link":"https:\/\/filebooms.co\/es\/","title":{"rendered":"Fileboom Premium Account Review &#8211; Su proveedor de alojamiento de archivos todo en uno"},"content":{"rendered":"\n<h2><strong>Fileboom Premium Account Review &#8212; Su proveedor de alojamiento de archivos todo en uno<\/strong><\/h2>\n\n\n\n<p>\u00bfNo hay suficiente espacio para almacenar en su ordenador, port\u00e1til, tel\u00e9fonos y otros aparatos ahora? \u00bfCansado de juntar memorias USB, discos duros y dem\u00e1s con uno para acceder a sus propios archivos? Despu\u00e9s, cambiar a guardar archivos en Internet es vital para ti personalmente! \u00a1Esta puede ser la soluci\u00f3n clara para tus propios problemas de almacenamiento de documentos!<\/p>\n\n\n\n<p>Si desea obtener m\u00e1s informaci\u00f3n, simplemente haga clic en el enlace: <strong><a href=\"https:\/\/fileboom.org\/es\/\" target=\"_blank\" rel=\"noreferrer noopener\">FileBoom.org<\/a> <\/strong>y <strong><a href=\"https:\/\/fileboom.co\/es\/\" target=\"_blank\" rel=\"noreferrer noopener\">fileboom.co<\/a><\/strong><\/p>\n\n\n<a class=\"maxbutton-1 maxbutton maxbutton-cta\" target=\"_blank\" rel=\"nofollow noopener\" href=\"\/go\/\"><span class='mb-text'>&gt;&gt; Ir a la p\u00e1gina web original de Fileboom.me<\/span><\/a>\n\n\n<p><\/p>\n\n\n\n<p><a rel=\"noreferrer noopener\" href=\"https:\/\/www.techopedia.com\/definition\/25310\/file-hosting-service\" target=\"_blank\">Los anfitriones de documentos<\/a> son una moda para mucha gente ya que da muchos m\u00e1s beneficios cuando se trata de mantener los archivos. Proporciona un mayor espacio para el almacenamiento, mayor ancho de banda, y este tipo de avance su encuentro de almacenamiento de archivos.<\/p>\n\n\n\n<h2><strong>Fileboom &#8212; La forma en que funciona<\/strong><\/h2>\n\n\n\n<p>Fileboom es uno de esos programas de larga duraci\u00f3n en la industria del alojamiento de documentos. Fue fundado en 2014 en el Reino Unido y contiene ofrece una soluci\u00f3n de almacenamiento y compartici\u00f3n de documentos para todo el mundo. Sus servicios han seguido mejorando en seis d\u00e9cadas y han ampliado su propia econom\u00eda en todo el mundo haci\u00e9ndola abierta a todos y cada uno a trav\u00e9s de la red.<\/p>\n\n\n\n<h2><strong>\u00bfQu\u00e9 es Fileboom?<\/strong><\/h2>\n\n\n\n<p>Fileboom es una plataforma de alojamiento de archivos que sirve fundamentalmente como un piso de sus propios archivos. Te proporciona un host de almacenamiento en nube seguro para que puedas empezar a guardar tus archivos en l\u00ednea. Eso es realmente muy eficiente cuando deseas ser capaz de obtener tus archivos cuando sea, donde sea y en todo tipo de dispositivos a trav\u00e9s de Internet. Y no tienes que preocuparte por la seguridad porque la seguridad de los documentos es la prioridad principal de Fileboom. Esto es como guardar tus archivos en una b\u00f3veda con una contrase\u00f1a a la que s\u00f3lo t\u00fa podr\u00e1s acceder. Fileboom podr\u00eda ser la soluci\u00f3n definitiva a tus problemas de almacenamiento de archivos. Adem\u00e1s de proteger tus documentos, te proporciona servicios adicionales que sin duda ser\u00e1n beneficiosos para hacer el trabajo m\u00e1s sencillo. Viene con un gran espacio de almacenamiento, un gran ancho de banda, administradores de registros y mucho m\u00e1s. Fileboom es definitivamente un hoster de archivos todo en uno.<\/p>\n\n\n\n<h2><strong>\u00bfQu\u00e9 se puede esperar en Fileboom?<\/strong><\/h2>\n\n\n\n<ol><li>Plataforma f\u00e1cil de usar: La plataforma est\u00e1 personalizada para tomar su estado m\u00e1s simple como sea posible para que los principiantes no tengan dificultad en usarla. S\u00f3lo tienes que saber lo b\u00e1sico del uso de la computadora y estar\u00e1s listo para empezar. Las funciones de Fileboom simplemente necesitan que hagas algunos clics para poder utilizar sus propios servicios.<\/li><li>100% Protegido: No tienes que preocuparte por tus archivos, ya que Fileboom prioriza la protecci\u00f3n de los archivos en cualquier cosa. Ha encriptado <a rel=\"noreferrer noopener\" href=\"https:\/\/www.verisign.com\/en_US\/website-presence\/online\/ssl-certificates\/index.xhtml\" target=\"_blank\">Certificado SSL<\/a> protocolos de seguridad para garantizar un nivel de seguridad m\u00e1s avanzado. Tiene un anti-malware para protegerse contra cualquier tercero, hackers o incluso redes externas de entrar en el sistema. Los registros tambi\u00e9n pueden ser vistos por usted sin que otros usuarios puedan acceder a ellos (si no los comparte intencionalmente con el documento). No se realizan acciones ilegales, ya que los archivos subidos a la plataforma son monitoreados y, por lo tanto, no se descargan o suben archivos ilegales como por ejemplo, pornogr\u00e1ficos, de desnudos, de violencia, de mal uso o relacionados con el crimen.<\/li><li>Cuentas Premium muy baratas de Fileboom: su dinero puede ahorrarle cien d\u00f3lares en comparaci\u00f3n con otros alojamientos de archivos. Seguramente valdr\u00e1 la pena, ya que ofrece los mismos servicios que esos hosters de alto costo. Adem\u00e1s, la excelencia es seguro que se puede encontrar aqu\u00ed en Fileboom.<\/li><li>Interfaz gr\u00e1fica de usuario transparente: Fileboom es transparente con sus propios usuarios y suministra informaci\u00f3n sobre sus propios archivos a partir del nombre del archivo, la calidad, la fecha de carga, etc. Es una secci\u00f3n de noticias en su plataforma para mantenerte al d\u00eda con las declaraciones sobre el software, como las actualizaciones realizadas para fortalecer tu sistema.<\/li><li>Siempre capaz de ayudar al servicio de atenci\u00f3n al cliente. El equipo de apoyo de Fileboom est\u00e1 disponible voluntariamente para ayudarle con sus preocupaciones y problemas y reacciona tan pronto como sea posible. Se puede contactar con ellos f\u00e1cilmente por correo electr\u00f3nico, simplemente enviando un mensaje a support@fileboompremium.com. Mientras espera su respuesta, puede ir al Centro de Soporte o a la secci\u00f3n de Preguntas Frecuentes para buscar problemas comunes encontrados por los usuarios y tal vez encuentre la soluci\u00f3n a su problema a partir de ese punto.<\/li><li>Servicios satisfactorios. Muchos clientes satisfechos han compartido sus comentarios positivos en la web. Muchos usuarios son clientes leales de Fileboom y han permanecido juntos durante a\u00f1os porque est\u00e1n realmente satisfechos con los servicios que ofrece Fileboom. El sistema y el software de Fileboom est\u00e1n siempre actualizados con el avance de la tecnolog\u00eda y<\/li><\/ol>\n\n\n\n<h2><strong>Lo que tiene que ofrecer<\/strong><\/h2>\n\n\n\n<ul><li>Descarga m\u00e1s r\u00e1pida: Fileboom proporciona un espacio de ancho de banda masivo y eso significa que es posible alcanzar la mayor tasa de descarga posible disponible y hacer el trabajo m\u00e1s r\u00e1pido para usted personalmente.<\/li><li>Un espacio m\u00e1s grande para el almacenamiento: Fileboom ofrece miles de GB de espacio de almacenamiento disponible para que puedas almacenar muchos de tus archivos junto con archivos de gran tama\u00f1o, como tus v\u00eddeos y pel\u00edculas.<\/li><li>Funci\u00f3n de arrastrar y soltar: Para hacerlo mucho m\u00e1s simple para usted personalmente, Fileboom ha proporcionado una funci\u00f3n de arrastrar y soltar y eso significa que es posible subir muchos archivos con un solo clic. S\u00f3lo tienes que arrastrar los archivos desde tu ordenador o aparato y soltarlos en Fileboom y luego se subir\u00e1n autom\u00e1ticamente a la m\u00e1quina.<\/li><li>Compartir documentos: Esta es una de las ventajas adicionales que tiene Fileboom porque es un servicio de intercambio de documentos. Con esta opci\u00f3n, encontrar\u00e1s una manera de compartir archivos con otros usuarios de Fileboom en todo el mundo a trav\u00e9s del intercambio de enlaces. S\u00f3lo tienes que copiar la conexi\u00f3n espec\u00edfica del documento del que quieres hablar y enviarlo a un individuo con el que quieras hablar de \u00e9l. Este enlace que has compartido servir\u00e1 autom\u00e1ticamente como tu permiso para que otros usuarios puedan obtener tus archivos.<\/li><li>Administraci\u00f3n de archivos simple. Es posible manejar sus archivos de acuerdo a sus propias preferencias. Puede decidir organizarlo creando carpetas y agrupar sus archivos a partir de fotos, documentos, v\u00eddeos, etc. para poder acceder f\u00e1cilmente a ellos para futuras referencias.<\/li><\/ul>\n\n\n\n<h2><strong>C\u00f3mo iniciar una cuenta gratuita en Fileboom<\/strong><\/h2>\n\n\n\n<p>El registro en Fileboom se hace r\u00e1pida y f\u00e1cilmente. S\u00f3lo tienes que introducir tu nombre, tu direcci\u00f3n de correo electr\u00f3nico actual y establecer una contrase\u00f1a. Posteriormente, se enviar\u00e1 un correo electr\u00f3nico de confirmaci\u00f3n para confirmar su identidad y una vez verificada, su cuenta ser\u00e1 activada.<\/p>\n\n\n\n<h2>Actualizaci\u00f3n de la cuenta Premium de Fileboom<\/h2>\n\n\n\n<p>La actualizaci\u00f3n de la prima de Fileboom se realiza simplemente eligiendo el per\u00edodo del plan que desea simplemente tomar y pagando para ponerlo en l\u00ednea. Se proporcionan muchos m\u00e9todos de pago y eso significa que es posible elegir el que puede ser significativamente m\u00e1s eficiente para usted. Los pagos pueden ser a trav\u00e9s de tarjetas de cr\u00e9dito (<a rel=\"noreferrer noopener\" href=\"https:\/\/www.visa.com.ph\/\" target=\"_blank\">Visa<\/a> junto con <a rel=\"noreferrer noopener\" href=\"https:\/\/www.mastercard.us\/en-us.html\" target=\"_blank\">Mastercard<\/a>), Bit Coin, Webmoney, American Express, Discover, JCB, Yandex, tambi\u00e9n a trav\u00e9s de vales a trav\u00e9s de un freelancer de renombre. Cuando se haya recibido el aviso de conclusi\u00f3n de pago, puedes refrescar el sitio y autom\u00e1ticamente te ofrecer\u00e1 la versi\u00f3n superior una vez que te registres.<\/p>\n\n\n<a class=\"maxbutton-1 maxbutton maxbutton-cta\" target=\"_blank\" rel=\"nofollow noopener\" href=\"\/go\/\"><span class='mb-text'>&gt;&gt; Ir a la p\u00e1gina web original de Fileboom.me<\/span><\/a>\n\n\n<p><\/p>\n\n\n\n<ul><li>La tasa de descarga est\u00e1 al m\u00e1ximo accesible<\/li><li>El almacenamiento de archivos es dentro de los 90 d\u00edas para los archivos inactivos<\/li><li>5 GB de descarga m\u00e1xima por archivo<\/li><li>Storage distance is Upto 50 GB<\/li><li>Ancho de banda de almacenamiento total de 50 GB diarios<\/li><li>No hay fallas con las descargas, comienza inmediatamente<\/li><li>Descargue varios documentos a la vez<\/li><li>No hay interrupciones de la publicidad<\/li><li>Las cargas FTP y HTTP creadas accesibles<\/li><li>Descarga de hotlinks confirmada<\/li><\/ul>\n\n\n\n<h2><strong>Fileboom: Resumen<\/strong><\/h2>\n\n\n\n<p>Fileboom es, en efecto, un anfitri\u00f3n de archivos preparado para servirle con lo que sea necesario en su experiencia de almacenamiento de archivos en Internet. Desde la seguridad, las grandes distancias, hasta la velocidad, puede proporcionarle lo que quiera. Durante seis a\u00f1os, ha demostrado su excelencia, por lo que no hay duda de por qu\u00e9 tiene miles de usuarios en esta temporada. Sea uno de sus usuarios que est\u00e9n satisfechos y empiece a guardar sus archivos en l\u00ednea sin problemas y de manera eficiente.<\/p>\n\n\n\n<p>Si quieres saber m\u00e1s, haz clic en el enlace: <strong><a href=\"https:\/\/fileboom.biz\/es\/\" target=\"_blank\" rel=\"noreferrer noopener\">FileBoom.biz <\/a><\/strong>y <strong><a href=\"https:\/\/filebooms.com\/es\/\" target=\"_blank\" rel=\"noreferrer noopener\">https:\/\/FileBooms.com\/<\/a><\/strong><\/p>\n\n\n\n<h2><strong>Preguntas frecuentes (FAQs) en Fileboom<\/strong><\/h2>\n\n\n\n<h3>\u00bfEs leg\u00edtimo el Fileboom?<\/h3>\n\n\n\n<p>S\u00ed, esto es 100% leg\u00edtimo. Fileboom es muy fiable y ha existido durante seis a\u00f1os proporcionando un excelente servicio a decenas de miles de usuarios.<\/p>\n\n\n\n<h3>\u00bfCu\u00e1l es la ventaja de Fileboom?<\/h3>\n\n\n\n<p>Fileboom ofrece muchas ventajas en comparaci\u00f3n con otros proveedores de alojamiento de documentos. Es mucho m\u00e1s asequible de lo que los estudiantes pueden aprovecharlo, a la vez que ofrece un mayor espacio de almacenamiento y ancho de banda. Las m\u00e1ximas restricciones de descarga tambi\u00e9n se aplican a los archivos de mayor tama\u00f1o, de decenas de miles de megabytes (MB), y lo que es m\u00e1s importante, se garantiza su protecci\u00f3n y seguridad.<\/p>\n\n\n\n<h3>\u00bfC\u00f3mo tengo que cubrir el uso de las cuentas superiores de un Fileboom?<\/h3>\n\n\n\n<p>S\u00f3lo se requiere el nivel m\u00ednimo absoluto de 6,90 2500 durante 3 d\u00edas hasta 113,95 2500 durante un a\u00f1o. Cuanto m\u00e1s plan de duraci\u00f3n elija, mayor descuento recibir\u00e1 sobre el costo del plan cada d\u00eda. Si eliges el plan anual, s\u00f3lo pagas alrededor de 0.31 2500 cada d\u00eda!<\/p>\n\n\n\n<h3>\u00bfPuede ser Fileboom seguro?<\/h3>\n\n\n\n<p>S\u00ed, definitivamente es seguro. Fileboom da prioridad a la seguridad y la protecci\u00f3n. S\u00f3lo implementa sus protocolos de seguridad para que s\u00f3lo se realicen acciones legales dentro del sistema y no se pueda entrar en otras redes externas no autorizadas. Aseg\u00farese de que sus archivos son inofensivos y s\u00f3lo usted puede obtenerlos.<\/p>\n\n\n\n<h3>\u00bfHay un reembolso disponible en Fileboom?<\/h3>\n\n\n\n<p>S\u00ed, hay un reembolso disponible, pero s\u00f3lo m\u00e1s de veinticuatro horas despu\u00e9s de la compra. Tienes que tener una raz\u00f3n v\u00e1lida para pedir un reembolso. Contacte con el servicio de atenci\u00f3n al cliente si desea volver a financiar y \u00e9ste verificar\u00e1 cuando tenga problemas con el uso de Fileboom. Una vez que su solicitud sea aceptada, le devolver\u00e1 el dinero a trav\u00e9s del mismo m\u00e9todo de pago utilizado y a menudo puede requerir de 2 a 3 d\u00edas h\u00e1biles.<\/p>\n\n\n<a class=\"maxbutton-1 maxbutton maxbutton-cta\" target=\"_blank\" rel=\"nofollow noopener\" href=\"\/go\/\"><span class='mb-text'>&gt;&gt; Ir a la p\u00e1gina web original de Fileboom.me<\/span><\/a>\n\n\n<p><\/p>\n","protected":false},"excerpt":{"rendered":"<p>Fileboom Premium Account Review &#8212; Su proveedor de alojamiento de archivos todo en uno \u00bfNo hay suficiente espacio para almacenar en su ordenador, port\u00e1til, tel\u00e9fonos y otros aparatos ahora? \u00bfCansado de juntar memorias USB, discos duros y dem\u00e1s con uno para acceder a sus propios archivos? Despu\u00e9s, cambiar a guardar archivos en Internet es vital [&hellip;]<\/p>\n","protected":false},"author":7,"featured_media":0,"parent":0,"menu_order":0,"comment_status":"closed","ping_status":"closed","template":"full-width.php","meta":[],"_links":{"self":[{"href":"https:\/\/filebooms.co\/es\/wp-json\/wp\/v2\/pages\/289"}],"collection":[{"href":"https:\/\/filebooms.co\/es\/wp-json\/wp\/v2\/pages"}],"about":[{"href":"https:\/\/filebooms.co\/es\/wp-json\/wp\/v2\/types\/page"}],"author":[{"embeddable":true,"href":"https:\/\/filebooms.co\/es\/wp-json\/wp\/v2\/users\/7"}],"replies":[{"embeddable":true,"href":"https:\/\/filebooms.co\/es\/wp-json\/wp\/v2\/comments?post=289"}],"version-history":[{"count":3,"href":"https:\/\/filebooms.co\/es\/wp-json\/wp\/v2\/pages\/289\/revisions"}],"predecessor-version":[{"id":330,"href":"https:\/\/filebooms.co\/es\/wp-json\/wp\/v2\/pages\/289\/revisions\/330"}],"wp:attachment":[{"href":"https:\/\/filebooms.co\/es\/wp-json\/wp\/v2\/media?parent=289"}],"curies":[{"name":"wp","href":"https:\/\/api.w.org\/{rel}","templated":true}]}}