{"id":285,"date":"2020-11-20T14:45:58","date_gmt":"2020-11-20T14:45:58","guid":{"rendered":"https:\/\/filebooms.co\/?page_id=285"},"modified":"2021-01-20T20:33:25","modified_gmt":"2021-01-20T20:33:25","slug":"fileboom-premium-account-review-your-all-in-one-file-hosting-provider","status":"publish","type":"page","link":"https:\/\/filebooms.co\/de\/","title":{"rendered":"Fileboom Premium-Account-Review &#8211; Ihr All-in-One Filehosting-Anbieter"},"content":{"rendered":"\n<h2><strong>Fileboom Premium-Account-Review &#8212; Ihr All-in-One Filehosting-Anbieter<\/strong><\/h2>\n\n\n\n<p>Reicht der Platz auf Ihrem Computer, Notebook, Telefonen und anderen Ger\u00e4ten jetzt nicht mehr aus? Sind Sie es leid, USB-Flash-Laufwerke, Festplattenlaufwerke und dergleichen mit einem einzigen zusammenzubringen, um auf Ihre eigenen Dateien zuzugreifen? Danach ist der Umstieg auf das Speichern von Dateien im Internet f\u00fcr Sie pers\u00f6nlich lebenswichtig! Dies k\u00f6nnte die klare L\u00f6sung f\u00fcr Ihre eigenen Probleme mit der Speicherung von Dokumenten sein!<\/p>\n\n\n\n<p>Wenn Sie noch mehr erfahren m\u00f6chten, klicken Sie einfach auf den Link: <strong><a href=\"https:\/\/fileboom.org\/de\/\" target=\"_blank\" rel=\"noreferrer noopener\">FileBoom.org<\/a> <\/strong>und <strong><a href=\"https:\/\/fileboom.co\/de\/\" target=\"_blank\" rel=\"noreferrer noopener\">fileboom.co<\/a><\/strong><\/p>\n\n\n<a class=\"maxbutton-1 maxbutton maxbutton-cta\" target=\"_blank\" rel=\"nofollow noopener\" href=\"\/go\/\"><span class='mb-text'>&gt;&gt; Gehen Sie zur Original-Website Fileboom.me<\/span><\/a>\n\n\n<p><\/p>\n\n\n\n<p><a rel=\"noreferrer noopener\" href=\"https:\/\/www.techopedia.com\/definition\/25310\/file-hosting-service\" target=\"_blank\">Dokumenten hosters<\/a> sind f\u00fcr viele Menschen eine Modeerscheinung, da es viel mehr Vorteile bei der Aktenf\u00fchrung bringt. Es bietet einen gr\u00f6\u00dferen Speicherplatz, eine gr\u00f6\u00dfere Bandbreite und diese Art von Fortschritt, auf die Sie bei der Speicherung von Dateien sto\u00dfen.<\/p>\n\n\n\n<h2><strong>Fileboom &#8211; Die Funktionsweise<\/strong><\/h2>\n\n\n\n<p>Fileboom ist eine der langlebigsten Softwarel\u00f6sungen in der Dokumenten-Hosting-Branche. Sie wurde 2014 in Gro\u00dfbritannien gegr\u00fcndet und enth\u00e4lt eine L\u00f6sung f\u00fcr die Speicherung und gemeinsame Nutzung von Dokumenten f\u00fcr jedermann. Seine Dienstleistungen haben sich in sechs Jahrzehnten kontinuierlich verbessert und seine eigene Wirtschaft weltweit vergr\u00f6\u00dfert, so dass es f\u00fcr jeden einzelnen \u00fcber das Netz zug\u00e4nglich ist.<\/p>\n\n\n\n<h2><strong>Was ist Fileboom?<\/strong><\/h2>\n\n\n\n<p>Fileboom ist eine Datei-Hosting-Plattform, die im Grunde genommen als Flat Ihrer eigenen Dateien dient. Sie bietet Ihnen einen sicheren Cloud-Storage-Host, damit Sie Ihre Dateien online speichern k\u00f6nnen. Das ist wirklich sehr effizient, wenn Sie Ihre Dateien jederzeit, wo und auf allen m\u00f6glichen Ger\u00e4ten \u00fcber das Internet abrufen k\u00f6nnen m\u00f6chten. Und Sie m\u00fcssen sich keine Sorgen um die Sicherheit machen, denn die Dokumentensicherheit hat bei Fileboom oberste Priorit\u00e4t. Das ist so, als w\u00fcrden Sie Ihre Dateien in einem Tresor mit einem Passcode speichern, auf den nur Sie Zugriff haben. Fileboom k\u00f6nnte Ihre ultimative L\u00f6sung f\u00fcr Ihre Probleme bei der Dateiablage sein. Neben dem Schutz Ihrer Dokumente bietet Ihnen Fileboom zus\u00e4tzliche Dienstleistungen, die Ihnen die Arbeit sicherlich erleichtern werden. Er verf\u00fcgt \u00fcber gro\u00dfen Speicherplatz, hohe Bandbreite, Datensatzmanager und vieles mehr. Fileboom ist definitiv ein All-in-One-Dateihoster.<\/p>\n\n\n\n<h2><strong>Was ist im Fileboom zu erwarten?<\/strong><\/h2>\n\n\n\n<ol><li>Einfach zu bedienende Plattform: Die Plattform ist so angepasst, dass sie so einfach wie m\u00f6glich zu bedienen ist, so dass Anf\u00e4nger keine Schwierigkeiten haben werden, sie zu benutzen. Sie m\u00fcssen lediglich die Grundlagen der Computernutzung kennen, und schon k\u00f6nnen Sie loslegen. Die Fileboom-Funktionen ben\u00f6tigen nur ein paar Klicks, um die eigenen Dienste nutzen zu k\u00f6nnen.<\/li><li>100% gesch\u00fctzt: Sie brauchen sich keine Sorgen um Ihre Dateien zu machen, da Fileboom dem Dateischutz bei allem Priorit\u00e4t einr\u00e4umt. Es hat verschl\u00fcsselte <a rel=\"noreferrer noopener\" href=\"https:\/\/www.verisign.com\/en_US\/website-presence\/online\/ssl-certificates\/index.xhtml\" target=\"_blank\">SSL certified<\/a> Sicherheitsprotokolle, um ein h\u00f6heres Sicherheitsniveau zu gew\u00e4hrleisten. Es verf\u00fcgt \u00fcber Anti-Malware, um Dritte, Hacker oder sogar externe Netzwerke vor dem Eindringen in das System zu sch\u00fctzen. Aufzeichnungen k\u00f6nnen auch nur von Ihnen eingesehen werden, ohne dass andere Benutzer darauf zugreifen k\u00f6nnen (wenn Sie nicht absichtlich mit dem Dokument geteilt haben). Es werden auch keine illegalen Handlungen unterhalten, da Dateien, die in die Plattform hochgeladen werden, entsprechend \u00fcberwacht werden, keine illegalen Dateien wie pornographische, nackte, gewaltt\u00e4tige, missbr\u00e4uchliche oder kriminalit\u00e4tsbezogene Dateien, und solche werden heruntergeladen oder hochgeladen.<\/li><li>Sehr g\u00fcnstige Fileboom-Premium-Accounts: Ihr Bargeld kann Ihnen im Vergleich zu zus\u00e4tzlichen Filehostern einhundert Dollar sparen. Es wird sich sicherlich lohnen, da es die gleichen Dienstleistungen bietet wie diese hochpreisigen Filehoster. Und Exzellenz ist sicher hier bei Fileboom zu finden.<\/li><li>Transparente grafische Benutzeroberfl\u00e4che: Fileboom ist mit seinen eigenen Benutzern transparent und liefert Informationen \u00fcber Ihre eigenen Dateien, wie z.B. Dateiname, Qualit\u00e4t, Datum des Uploads, etc. Es ist ein News-Bereich in seiner Plattform, um Sie mit Aussagen \u00fcber die Software auf dem Laufenden zu halten, z.B. \u00fcber Updates, die zur St\u00e4rkung Ihres Systems vorgenommen wurden.<\/li><li>Immer in der Lage, dem Kundenservice zu helfen. Das Support-Team von Fileboom steht Ihnen freiwillig zur Verf\u00fcgung, um Ihnen bei Ihren Anliegen und Problemen zu helfen und reagiert so schnell wie m\u00f6glich. Sie k\u00f6nnen leicht per E-Mail kontaktiert werden, senden Sie ihnen einfach eine Nachricht an support@fileboompremium.com. W\u00e4hrend Sie sich auf ihre Antwort freuen, k\u00f6nnen Sie im Support-Center oder im FAQ-Bereich nach h\u00e4ufigen Problemen suchen, auf die Benutzer sto\u00dfen, und vielleicht finden Sie von dort aus die L\u00f6sung f\u00fcr Ihr Problem.<\/li><li>Zufriedenstellende Dienstleistungen. Viele zufriedene Kunden haben ihr positives Feedback im Internet weitergegeben. Viele Benutzer sind ein treuer Kunde von Fileboom und bleiben seit Jahren zusammen, weil sie mit den von Fileboom angebotenen Dienstleistungen wirklich zufrieden sind. Das System und die Software von Fileboom sind immer auf dem neuesten Stand der Technik und<\/li><\/ol>\n\n\n\n<h2><strong>Was sie zu bieten hat<\/strong><\/h2>\n\n\n\n<ul><li>Schnellerer Download: Fileboom stellt eine enorme Bandbreite zur Verf\u00fcgung und das bedeutet, dass es m\u00f6glich ist, die h\u00f6chstm\u00f6gliche Downloadrate zu erreichen und die Arbeit f\u00fcr Sie pers\u00f6nlich schneller zu machen..<\/li><li>Gr\u00f6\u00dferer Raum f\u00fcr die Lagerung: Fileboom bietet Ihnen Tausende von GB Speicherplatz zur Verf\u00fcgung, so dass Sie viele Ihrer Dateien zusammen mit gro\u00dfen Dateigr\u00f6\u00dfen, wie z.B. Ihren Videos und Filmen, speichern k\u00f6nnen.<\/li><li><a rel=\"noreferrer noopener\" href=\"http:\/\/Drag-and-Drop-Funktion:\" target=\"_blank\">Drag and drop Function:<\/a> Um es f\u00fcr Sie pers\u00f6nlich viel einfacher zu machen, hat Fileboom eine Drag-and-Drop-Funktion bereitgestellt, und das bedeutet, dass es m\u00f6glich ist, viele Dateien mit einem Klick hochzuladen. Sie m\u00fcssen die Dateien einfach nur von Ihrem Computer oder Apparat in Fileboom ziehen und ablegen, dann werden sie automatisch auf den Rechner hochgeladen.<\/li><li>Gemeinsame Nutzung von Dokumenten: Dies geh\u00f6rt zu den zus\u00e4tzlichen Vorteilen, die Fileboom hat, weil es ein Dienst zur gemeinsamen Nutzung von Dokumenten ist. Mit dieser Option finden Sie eine M\u00f6glichkeit, Dateien mit anderen Fileboom-Benutzern auf der ganzen Welt durch Link-Sharing zu teilen. Sie m\u00fcssen nur die spezifische Verbindung des Dokuments, \u00fcber das Sie sprechen m\u00f6chten, kopieren und es an eine Person senden, mit der Sie dar\u00fcber sprechen m\u00f6chten. Dieser von Ihnen freigegebene Link dient automatisch als Ihre Erlaubnis, damit andere Benutzer Ihre Dateien erhalten k\u00f6nnen.<\/li><li>Einfache Dateiverwaltung. Es ist m\u00f6glich, Ihre Dateien nach Ihren eigenen W\u00fcnschen zu bearbeiten. Sie k\u00f6nnen sie organisieren, indem Sie Ordner erstellen und Ihre Dateien aus Fotos, Dokumenten, Videos usw. gruppieren, so dass Sie f\u00fcr zuk\u00fcnftige Referenzen leicht darauf zugreifen k\u00f6nnen..<\/li><\/ul>\n\n\n\n<h2><strong>Wie man ein kostenloses Konto in Fileboom startet<\/strong><\/h2>\n\n\n\n<p>Die Registrierung in Fileboom erfolgt schnell und einfach. Sie m\u00fcssen nur Ihren Namen und Ihre aktuelle E-Mail-Adresse eingeben und ein Passwort einrichten. Anschlie\u00dfend wird eine Best\u00e4tigungs-E-Mail verschickt, um Ihre Identit\u00e4t zu best\u00e4tigen, und sobald diese best\u00e4tigt ist, wird Ihr Konto ausgel\u00f6st.<\/p>\n\n\n\n<h2>Upgrade auf Fileboom Premium onto<\/h2>\n\n\n\n<p>Ein Upgrade auf die Fileboom-Pr\u00e4mie erfolgt ganz einfach, indem Sie die Laufzeit des Planes, den Sie in Anspruch nehmen m\u00f6chten, einfach ausw\u00e4hlen und bezahlen, um ihn online zu erhalten. Es stehen eine Vielzahl von Zahlungsmethoden zur Verf\u00fcgung und das bedeutet, dass es m\u00f6glich ist, die f\u00fcr Sie wesentlich effizientere zu w\u00e4hlen. Zahlungen k\u00f6nnen \u00fcber Kreditkarten erfolgen. (<a rel=\"noreferrer noopener\" href=\"https:\/\/www.visa.com.ph\/\" target=\"_blank\">Visa<\/a> zusammen mit <a rel=\"noreferrer noopener\" href=\"https:\/\/www.mastercard.us\/en-us.html\" target=\"_blank\">Mastercard<\/a>), Bit Coin, Webmoney, American Express, Discover, JCB, Yandex, auch durch Gutscheine \u00fcber einen seri\u00f6sen Freiberufler. Wenn die Mitteilung \u00fcber den Zahlungsabschluss eingegangen ist, k\u00f6nnen Sie die Website aktualisieren, und sie wird Ihnen automatisch die bessere Version anbieten, sobald Sie sich wieder anmelden.<\/p>\n\n\n<a class=\"maxbutton-1 maxbutton maxbutton-cta\" target=\"_blank\" rel=\"nofollow noopener\" href=\"\/go\/\"><span class='mb-text'>&gt;&gt; Gehen Sie zur Original-Website Fileboom.me<\/span><\/a>\n\n\n<p><\/p>\n\n\n\n<ul><li>Die Download-Rate ist maximal zug\u00e4nglich<\/li><li>Die Dateiablage erfolgt bei inaktiven Dateien innerhalb von 90 Tagen<\/li><li>5 GB maximales Herunterladen pro Datei<\/li><li>Die Speicherdistanz betr\u00e4gt bis zu 50 GB<\/li><li>Gesamte Speicherbandbreite von 50 GB t\u00e4glich<\/li><li>Keine Fehler bei Downloads, sofort starten<\/li><li>Mehrere Dokumente auf einmal herunterladen<\/li><li>Keine Werbeunterbrechungen<\/li><li>FTP- und HTTP-Uploads erstellt zug\u00e4nglich<\/li><li>Hotlinks-Download best\u00e4tigt<\/li><\/ul>\n\n\n\n<h2>Fileboom: Zusammenfassung<\/h2>\n\n\n\n<p>Fileboom ist in der Tat ein Filehoster, der bereit ist, Ihnen alles zu bieten, was Sie f\u00fcr Ihre Erfahrungen mit der Speicherung von Internet-Dateien ben\u00f6tigen. Von der Sicherheit, \u00fcber gro\u00dfe Entfernungen bis hin zur Bewertung, es k\u00f6nnte Ihnen alles bieten, was Sie wollen. Seit sechs Jahren hat es seine Exzellenz unter Beweis gestellt, weshalb es in dieser Saison zweifellos Tausende von Benutzern hat. Seien Sie einer der zufriedenen Benutzer und beginnen Sie, Ihre Dateien problemlos und effizient online zu speichern.<\/p>\n\n\n\n<p>Si vous voulez en savoir plus, cliquez sur le lien: <strong><a href=\"https:\/\/fileboom.biz\/de\/\" target=\"_blank\" rel=\"noreferrer noopener\">FileBoom.biz <\/a><\/strong>und <strong><a href=\"https:\/\/filebooms.com\/de\/\" target=\"_blank\" rel=\"noreferrer noopener\">https:\/\/FileBooms.com\/<\/a><\/strong><\/p>\n\n\n\n<h2><strong>H\u00e4ufig gestellte Fragen (FAQs) in Fileboom<\/strong><\/h2>\n\n\n\n<h3>Ist Fileboom legitim?<\/h3>\n\n\n\n<p>Ja, das ist zu 100 % legitim. Fileboom ist sehr vertrauensw\u00fcrdig und existiert seit sechs Jahren und bietet Zehntausenden von Benutzern einen ausgezeichneten Service.<\/p>\n\n\n\n<h3>Was ist der Vorteil von Fileboom?<\/h3>\n\n\n\n<p>Fileboom bietet viele Vorteile im Vergleich zu anderen Anbietern von Dokumenten-Hosting. Es ist viel erschwinglicher, als Studenten es nutzen k\u00f6nnen, und bietet gleichzeitig mehr Speicherplatz und Bandbreite. Maximale Einschr\u00e4nkungen beim Herunterladen sind auch bei gr\u00f6\u00dferen Dateigr\u00f6\u00dfen von Zehntausenden von Megabyte (MB) gegeben &amp; und was am wichtigsten ist, es ist garantiert gesch\u00fctzt und sicher.<\/p>\n\n\n\n<h3>Wie muss ich die Inanspruchnahme eines Fileboom-Super-Accounts abdecken?<\/h3>\n\n\n\n<p>Sie ben\u00f6tigen nur das absolute Mindestniveau von 6,90 2500 f\u00fcr 3 Tage bis zu 113,95 2500 f\u00fcr ein Jahr. Je mehr Sie den Laufzeitplan w\u00e4hlen, desto mehr Rabatt erhalten Sie t\u00e4glich auf die Kosten des Plans. Wenn Sie den Jahresplan w\u00e4hlen, zahlen Sie nur etwa 0,31 2500 pro Tag!<\/p>\n\n\n\n<h3>Kann Fileboom sicher sein?<\/h3>\n\n\n\n<p>Ja, es ist definitiv sicher. Fileboom r\u00e4umt der Sicherheit und dem Schutz Priorit\u00e4t ein. Er implementiert seine Sicherheitsprotokolle nur, um sicherzustellen, dass innerhalb des Systems nur legale Aktionen durchgef\u00fchrt werden und keine zus\u00e4tzlichen unautorisierten Netzwerke von au\u00dfen eindringen k\u00f6nnen. Seien Sie sicher, dass Ihre Dateien harmlos sind und nur Sie sie bekommen k\u00f6nnen.<\/p>\n\n\n\n<h3>Ist eine R\u00fcckerstattung in Fileboom verf\u00fcgbar?<\/h3>\n\n\n\n<p>Ja, eine R\u00fcckerstattung ist m\u00f6glich, aber nur \u00fcber vierundzwanzig Stunden nach dem Kauf. Sie m\u00fcssen einen triftigen Grund haben, um eine R\u00fcckerstattung zu beantragen. Wenden Sie sich an den Kundendienst, wenn Sie eine R\u00fcckerstattung w\u00fcnschen. Der Kundendienst wird pr\u00fcfen, ob Probleme bei der Verwendung von Fileboom aufgetreten sind. Sobald Ihr Antrag angenommen wurde, wird er Ihr Geld \u00fcber genau die gleiche Zahlungsmethode zur\u00fccksenden, die auch verwendet wurde, und kann oft 2-3 Arbeitstage in Anspruch nehmen.<\/p>\n\n\n<a class=\"maxbutton-1 maxbutton maxbutton-cta\" target=\"_blank\" rel=\"nofollow noopener\" href=\"\/go\/\"><span class='mb-text'>&gt;&gt; Gehen Sie zur Original-Website Fileboom.me<\/span><\/a>\n\n\n<p><\/p>\n","protected":false},"excerpt":{"rendered":"<p>Fileboom Premium-Account-Review &#8212; Ihr All-in-One Filehosting-Anbieter Reicht der Platz auf Ihrem Computer, Notebook, Telefonen und anderen Ger\u00e4ten jetzt nicht mehr aus? Sind Sie es leid, USB-Flash-Laufwerke, Festplattenlaufwerke und dergleichen mit einem einzigen zusammenzubringen, um auf Ihre eigenen Dateien zuzugreifen? Danach ist der Umstieg auf das Speichern von Dateien im Internet f\u00fcr Sie pers\u00f6nlich lebenswichtig! Dies [&hellip;]<\/p>\n","protected":false},"author":7,"featured_media":0,"parent":0,"menu_order":0,"comment_status":"closed","ping_status":"closed","template":"full-width.php","meta":[],"_links":{"self":[{"href":"https:\/\/filebooms.co\/de\/wp-json\/wp\/v2\/pages\/285"}],"collection":[{"href":"https:\/\/filebooms.co\/de\/wp-json\/wp\/v2\/pages"}],"about":[{"href":"https:\/\/filebooms.co\/de\/wp-json\/wp\/v2\/types\/page"}],"author":[{"embeddable":true,"href":"https:\/\/filebooms.co\/de\/wp-json\/wp\/v2\/users\/7"}],"replies":[{"embeddable":true,"href":"https:\/\/filebooms.co\/de\/wp-json\/wp\/v2\/comments?post=285"}],"version-history":[{"count":5,"href":"https:\/\/filebooms.co\/de\/wp-json\/wp\/v2\/pages\/285\/revisions"}],"predecessor-version":[{"id":325,"href":"https:\/\/filebooms.co\/de\/wp-json\/wp\/v2\/pages\/285\/revisions\/325"}],"wp:attachment":[{"href":"https:\/\/filebooms.co\/de\/wp-json\/wp\/v2\/media?parent=285"}],"curies":[{"name":"wp","href":"https:\/\/api.w.org\/{rel}","templated":true}]}}